{"id":43,"date":"2019-06-25T22:55:32","date_gmt":"2019-06-25T20:55:32","guid":{"rendered":"https:\/\/www.saint-joseph-tartas.com\/?page_id=43"},"modified":"2025-09-08T23:50:02","modified_gmt":"2025-09-08T21:50:02","slug":"actualites","status":"publish","type":"page","link":"https:\/\/www.saint-joseph-tartas.com\/?page_id=43","title":{"rendered":"Pr\u00e9sentation"},"content":{"rendered":"\t\t<div data-elementor-type=\"wp-page\" data-elementor-id=\"43\" class=\"elementor elementor-43\" data-elementor-settings=\"[]\">\n\t\t\t<div class=\"elementor-inner\">\n\t\t\t\t<div class=\"elementor-section-wrap\">\n\t\t\t\t\t\t\t<section class=\"elementor-element elementor-element-4b2a77c2 elementor-section-boxed elementor-section-height-default elementor-section-height-default elementor-section elementor-top-section\" data-id=\"4b2a77c2\" data-element_type=\"section\">\n\t\t\t\t\t\t<div class=\"elementor-container elementor-column-gap-default\">\n\t\t\t\t<div class=\"elementor-row\">\n\t\t\t\t<div class=\"elementor-element elementor-element-32444571 elementor-column elementor-col-100 elementor-top-column\" data-id=\"32444571\" data-element_type=\"column\">\n\t\t\t<div class=\"elementor-column-wrap  elementor-element-populated\">\n\t\t\t\t\t<div class=\"elementor-widget-wrap\">\n\t\t\t\t<div class=\"elementor-element elementor-element-1a4ef46d elementor-widget elementor-widget-text-editor\" data-id=\"1a4ef46d\" data-element_type=\"widget\" data-widget_type=\"text-editor.default\">\n\t\t\t\t<div class=\"elementor-widget-container\">\n\t\t\t\t\t<div class=\"elementor-text-editor elementor-clearfix\"><p><!-- wp:paragraph {\"textColor\":\"vivid-purple\",\"fontSize\":\"medium\"} --><\/p>\n<p class=\"has-text-color has-medium-font-size has-vivid-purple-color\"><span style=\"color: #333399;\"><strong><span style=\"text-decoration: underline;\">Le coll\u00e8ge Saint Joseph est un coll\u00e8ge du \u00ab\u00a0matin\u00a0\u00bb<\/span><\/strong><\/span><\/p>\n<p><!-- \/wp:paragraph --><!-- wp:paragraph --><\/p>\n<p>Les mati\u00e8res dites fondamentales sont en priorit\u00e9 enseign\u00e9es le matin. Les arts (arts plastiques et musique) et l&rsquo;\u00e9ducation physique et sportive occupent pr\u00e9f\u00e9rentiellement les apr\u00e8s-midi. <strong>Ceci afin de respecter au mieux le rythme des \u00e9l\u00e8ves pour une meilleure concentration le matin.<\/strong><\/p>\n<p><!-- \/wp:paragraph --><!-- wp:paragraph --><\/p>\n<p><!-- \/wp:paragraph --><!-- wp:paragraph {\"textColor\":\"vivid-red\",\"fontSize\":\"medium\"} --><\/p>\n<p class=\"has-text-color has-medium-font-size has-vivid-red-color\"><span style=\"text-decoration: underline; color: #333399;\"><strong>Les particularit\u00e9s du coll\u00e8ge<\/strong> :<\/span><\/p>\n<p><!-- \/wp:paragraph --><!-- wp:paragraph {\"textColor\":\"vivid-green-cyan\"} --><\/p>\n<p><!-- \/wp:list --><!-- wp:paragraph {\"backgroundColor\":\"cyan-bluish-gray\"} --><\/p>\n<p><!-- \/wp:paragraph --><\/p><\/div>\n\t\t\t\t<\/div>\n\t\t\t\t<\/div>\n\t\t\t\t\t\t<\/div>\n\t\t\t<\/div>\n\t\t<\/div>\n\t\t\t\t\t\t<\/div>\n\t\t\t<\/div>\n\t\t<\/section>\n\t\t\t\t<section class=\"elementor-element elementor-element-310ee30 elementor-section-boxed elementor-section-height-default elementor-section-height-default elementor-section elementor-top-section\" data-id=\"310ee30\" data-element_type=\"section\">\n\t\t\t\t\t\t<div class=\"elementor-container elementor-column-gap-default\">\n\t\t\t\t<div class=\"elementor-row\">\n\t\t\t\t<div class=\"elementor-element elementor-element-984af6c elementor-column elementor-col-50 elementor-top-column\" data-id=\"984af6c\" data-element_type=\"column\">\n\t\t\t<div class=\"elementor-column-wrap  elementor-element-populated\">\n\t\t\t\t\t<div class=\"elementor-widget-wrap\">\n\t\t\t\t<div class=\"elementor-element elementor-element-8aba28b elementor-widget elementor-widget-text-editor\" data-id=\"8aba28b\" data-element_type=\"widget\" data-widget_type=\"text-editor.default\">\n\t\t\t\t<div class=\"elementor-widget-container\">\n\t\t\t\t\t<div class=\"elementor-text-editor elementor-clearfix\"><p>Lorem ipsum dolor sit amet, consectetur adipiscing elit. Ut elit tellus, luctus nec ullamcorper mattis, pulvinar dapibus leo.<\/p><\/div>\n\t\t\t\t<\/div>\n\t\t\t\t<\/div>\n\t\t\t\t\t\t<\/div>\n\t\t\t<\/div>\n\t\t<\/div>\n\t\t\t\t<div class=\"elementor-element elementor-element-5545516 elementor-column elementor-col-50 elementor-top-column\" data-id=\"5545516\" data-element_type=\"column\">\n\t\t\t<div class=\"elementor-column-wrap\">\n\t\t\t\t\t<div class=\"elementor-widget-wrap\">\n\t\t\t\t\t\t<\/div>\n\t\t\t<\/div>\n\t\t<\/div>\n\t\t\t\t\t\t<\/div>\n\t\t\t<\/div>\n\t\t<\/section>\n\t\t\t\t<section class=\"elementor-element elementor-element-4b835f5 elementor-section-boxed elementor-section-height-default elementor-section-height-default elementor-section elementor-top-section\" data-id=\"4b835f5\" data-element_type=\"section\">\n\t\t\t\t\t\t<div class=\"elementor-container elementor-column-gap-default\">\n\t\t\t\t<div class=\"elementor-row\">\n\t\t\t\t<div class=\"elementor-element elementor-element-4015fa0 elementor-column elementor-col-50 elementor-top-column\" data-id=\"4015fa0\" data-element_type=\"column\">\n\t\t\t<div class=\"elementor-column-wrap  elementor-element-populated\">\n\t\t\t\t\t<div class=\"elementor-widget-wrap\">\n\t\t\t\t<div class=\"elementor-element elementor-element-e0533a1 elementor-widget elementor-widget-text-editor\" data-id=\"e0533a1\" data-element_type=\"widget\" data-widget_type=\"text-editor.default\">\n\t\t\t\t<div class=\"elementor-widget-container\">\n\t\t\t\t\t<div class=\"elementor-text-editor elementor-clearfix\"><p class=\"has-text-color has-vivid-green-cyan-color\" style=\"font-family: Roboto, sans-serif; font-size: 16px; font-style: normal; font-weight: 400;\"><span style=\"font-size: 16px; text-decoration-line: underline; color: #3366ff;\"><strong style=\"font-size: 16px;\">Liaison CM2 &#8211; 6\u00e8me :<\/strong><\/span><\/p>\n<ul style=\"font-family: Roboto, sans-serif; font-size: 16px; font-style: normal; font-weight: 400;\">\n<li style=\"font-size: 16px;\">cross commun<\/li>\n<li style=\"font-size: 16px;\">concours math\u00e9matique r\u00e9alis\u00e9 en bin\u00f4me<\/li>\n<li style=\"font-size: 16px;\">journ\u00e9e d\u00e9couverte du coll\u00e8ge (activit\u00e9s sportives, CDI, &#8230;)<\/li>\n<\/ul><\/div>\n\t\t\t\t<\/div>\n\t\t\t\t<\/div>\n\t\t\t\t\t\t<\/div>\n\t\t\t<\/div>\n\t\t<\/div>\n\t\t\t\t<div class=\"elementor-element elementor-element-a32efd9 elementor-column elementor-col-50 elementor-top-column\" data-id=\"a32efd9\" data-element_type=\"column\">\n\t\t\t<div class=\"elementor-column-wrap  elementor-element-populated\">\n\t\t\t\t\t<div class=\"elementor-widget-wrap\">\n\t\t\t\t<div class=\"elementor-element elementor-element-a6e2f61 elementor-widget elementor-widget-image\" data-id=\"a6e2f61\" data-element_type=\"widget\" data-widget_type=\"image.default\">\n\t\t\t\t<div class=\"elementor-widget-container\">\n\t\t\t\t\t<div class=\"elementor-image\">\n\t\t\t\t\t\t\t\t\t\t<img loading=\"lazy\" decoding=\"async\" width=\"300\" height=\"225\" src=\"https:\/\/www.saint-joseph-tartas.com\/wp-content\/uploads\/2019\/12\/concours-kangourou-300x225.jpg\" class=\"attachment-medium size-medium\" alt=\"\" srcset=\"https:\/\/www.saint-joseph-tartas.com\/wp-content\/uploads\/2019\/12\/concours-kangourou-300x225.jpg 300w, https:\/\/www.saint-joseph-tartas.com\/wp-content\/uploads\/2019\/12\/concours-kangourou-1024x768.jpg 1024w, https:\/\/www.saint-joseph-tartas.com\/wp-content\/uploads\/2019\/12\/concours-kangourou-768x576.jpg 768w, https:\/\/www.saint-joseph-tartas.com\/wp-content\/uploads\/2019\/12\/concours-kangourou-1536x1152.jpg 1536w, https:\/\/www.saint-joseph-tartas.com\/wp-content\/uploads\/2019\/12\/concours-kangourou-2048x1536.jpg 2048w\" sizes=\"auto, (max-width: 300px) 100vw, 300px\" \/>\t\t\t\t\t\t\t\t\t\t\t<\/div>\n\t\t\t\t<\/div>\n\t\t\t\t<\/div>\n\t\t\t\t\t\t<\/div>\n\t\t\t<\/div>\n\t\t<\/div>\n\t\t\t\t\t\t<\/div>\n\t\t\t<\/div>\n\t\t<\/section>\n\t\t\t\t<section class=\"elementor-element elementor-element-b14f3b7 elementor-section-boxed elementor-section-height-default elementor-section-height-default elementor-section elementor-top-section\" data-id=\"b14f3b7\" data-element_type=\"section\">\n\t\t\t\t\t\t<div class=\"elementor-container elementor-column-gap-default\">\n\t\t\t\t<div class=\"elementor-row\">\n\t\t\t\t<div class=\"elementor-element elementor-element-4266ee5 elementor-column elementor-col-50 elementor-top-column\" data-id=\"4266ee5\" data-element_type=\"column\">\n\t\t\t<div class=\"elementor-column-wrap  elementor-element-populated\">\n\t\t\t\t\t<div class=\"elementor-widget-wrap\">\n\t\t\t\t<div class=\"elementor-element elementor-element-29f3b3a elementor-widget elementor-widget-text-editor\" data-id=\"29f3b3a\" data-element_type=\"widget\" data-widget_type=\"text-editor.default\">\n\t\t\t\t<div class=\"elementor-widget-container\">\n\t\t\t\t\t<div class=\"elementor-text-editor elementor-clearfix\"><p><span style=\"text-decoration: underline; color: #3366ff;\"><strong>2 classes de 6\u00e8me (diaporama de rentr\u00e9e ci-contre) :<\/strong><\/span><\/p>\n<ul>\n<li>LV1 Anglais<\/li>\n<li>Initiation Espagnol<\/li>\n<\/ul><\/div>\n\t\t\t\t<\/div>\n\t\t\t\t<\/div>\n\t\t\t\t\t\t<\/div>\n\t\t\t<\/div>\n\t\t<\/div>\n\t\t\t\t<div class=\"elementor-element elementor-element-4c8d5db elementor-column elementor-col-50 elementor-top-column\" data-id=\"4c8d5db\" data-element_type=\"column\">\n\t\t\t<div class=\"elementor-column-wrap  elementor-element-populated\">\n\t\t\t\t\t<div class=\"elementor-widget-wrap\">\n\t\t\t\t<div class=\"elementor-element elementor-element-aa79766 elementor-widget elementor-widget-text-editor\" data-id=\"aa79766\" data-element_type=\"widget\" data-widget_type=\"text-editor.default\">\n\t\t\t\t<div class=\"elementor-widget-container\">\n\t\t\t\t\t<div class=\"elementor-text-editor elementor-clearfix\"><p><a href=\"https:\/\/www.saint-joseph-tartas.com\/wp-content\/uploads\/2025\/09\/Reunion_d-informations_6eme_2025.pdf\"><img decoding=\"async\" class=\"details-image\" draggable=\"false\" src=\"https:\/\/www.saint-joseph-tartas.com\/wp-content\/uploads\/2025\/09\/Reunion_d-informations_6eme_2025-pdf-1024x768.jpg\" alt=\"\" \/><\/a><\/p><\/div>\n\t\t\t\t<\/div>\n\t\t\t\t<\/div>\n\t\t\t\t\t\t<\/div>\n\t\t\t<\/div>\n\t\t<\/div>\n\t\t\t\t\t\t<\/div>\n\t\t\t<\/div>\n\t\t<\/section>\n\t\t\t\t<section class=\"elementor-element elementor-element-7ee4a8c elementor-section-boxed elementor-section-height-default elementor-section-height-default elementor-section elementor-top-section\" data-id=\"7ee4a8c\" data-element_type=\"section\">\n\t\t\t\t\t\t<div class=\"elementor-container elementor-column-gap-default\">\n\t\t\t\t<div class=\"elementor-row\">\n\t\t\t\t<div class=\"elementor-element elementor-element-51370fb elementor-column elementor-col-50 elementor-top-column\" data-id=\"51370fb\" data-element_type=\"column\">\n\t\t\t<div class=\"elementor-column-wrap  elementor-element-populated\">\n\t\t\t\t\t<div class=\"elementor-widget-wrap\">\n\t\t\t\t<div class=\"elementor-element elementor-element-cc836bf elementor-widget elementor-widget-text-editor\" data-id=\"cc836bf\" data-element_type=\"widget\" data-widget_type=\"text-editor.default\">\n\t\t\t\t<div class=\"elementor-widget-container\">\n\t\t\t\t\t<div class=\"elementor-text-editor elementor-clearfix\"><p><span style=\"text-decoration: underline; color: #333399;\"><strong>2 classes de 5\u00e8me (diaporama de rentr\u00e9e ci-contre) :<\/strong><\/span><\/p>\n<ul>\n<li>1h hebdomadaire de math\u00e9matiques en salle informatique<\/li>\n<li>Option latin (option se d\u00e9roulant jusqu&rsquo;en fin de 3\u00e8me)<\/li>\n<li>LV2 Espagnol<\/li>\n<\/ul>\n<p><span style=\"text-decoration: underline;\"><span style=\"color: #333399;\"><strong>2 classes de 4\u00e8me (diaporama de rentr\u00e9e ci-contre) :<\/strong><\/span><\/span><\/p>\n<ul>\n<li>Dispositif d\u2019alternance (<a href=\"https:\/\/www.saint-joseph-tartas.com\/?page_id=53\"><strong>d\u00e9tails ici<\/strong><\/a>)<\/li>\n<li>1h hebdomadaire de math\u00e9matiques en salle informatique<\/li>\n<li>Option latin (option se d\u00e9roulant jusqu\u2019en fin de 3\u00e8me)<\/li>\n<li>Secourisme<\/li>\n<li>LV2 Espagnol<\/li>\n<\/ul>\n<p><span style=\"text-decoration: underline;\"><span style=\"color: #333399;\"><strong>classes de 3\u00e8me (diaporama de rentr\u00e9e ci-contre) :<\/strong><\/span><\/span><\/p>\n<ul>\n<li>Dispositif d\u2019alternance\u00a0(<a href=\"https:\/\/www.saint-joseph-tartas.com\/?page_id=53\"><strong>d\u00e9tails ici<\/strong><\/a>)<\/li>\n<li>Devoirs sur table toutes les semaines (<a href=\"https:\/\/www.saint-joseph-tartas.com\/?page_id=63\"><strong>d\u00e9tails ici<\/strong><\/a>)<\/li>\n<li>1h hebdomadaire de math\u00e9matiques en salle informatique<\/li>\n<li>Option latin (option se d\u00e9roulant jusqu\u2019en fin de 3\u00e8me)<\/li>\n<li>LV2 Espagnol<\/li>\n<\/ul><\/div>\n\t\t\t\t<\/div>\n\t\t\t\t<\/div>\n\t\t\t\t\t\t<\/div>\n\t\t\t<\/div>\n\t\t<\/div>\n\t\t\t\t<div class=\"elementor-element elementor-element-483c481 elementor-column elementor-col-50 elementor-top-column\" data-id=\"483c481\" data-element_type=\"column\">\n\t\t\t<div class=\"elementor-column-wrap  elementor-element-populated\">\n\t\t\t\t\t<div class=\"elementor-widget-wrap\">\n\t\t\t\t<div class=\"elementor-element elementor-element-b5d64a0 elementor-widget elementor-widget-text-editor\" data-id=\"b5d64a0\" data-element_type=\"widget\" data-widget_type=\"text-editor.default\">\n\t\t\t\t<div class=\"elementor-widget-container\">\n\t\t\t\t\t<div class=\"elementor-text-editor elementor-clearfix\"><p><a href=\"https:\/\/www.saint-joseph-tartas.com\/wp-content\/uploads\/2025\/09\/Reunion_d-informations_5_4_3eme_2025.pdf\"><img decoding=\"async\" class=\"details-image\" draggable=\"false\" src=\"https:\/\/www.saint-joseph-tartas.com\/wp-content\/uploads\/2025\/09\/Reunion_d-informations_5_4_3eme_2025-pdf-1024x768.jpg\" alt=\"\" \/><\/a><\/p>\n<p>\u00a0<\/p>\n<p style=\"text-align: left;\"><span style=\"color: #ffffff;\">s:\/\/www.saint-joseph-tartas.com\/wp-content<\/span><\/p><\/div>\n\t\t\t\t<\/div>\n\t\t\t\t<\/div>\n\t\t\t\t\t\t<\/div>\n\t\t\t<\/div>\n\t\t<\/div>\n\t\t\t\t\t\t<\/div>\n\t\t\t<\/div>\n\t\t<\/section>\n\t\t\t\t<section class=\"elementor-element elementor-element-49d812f elementor-section-boxed elementor-section-height-default elementor-section-height-default elementor-section elementor-top-section\" data-id=\"49d812f\" data-element_type=\"section\">\n\t\t\t\t\t\t<div class=\"elementor-container elementor-column-gap-default\">\n\t\t\t\t<div class=\"elementor-row\">\n\t\t\t\t<div class=\"elementor-element elementor-element-21a044f elementor-column elementor-col-50 elementor-top-column\" data-id=\"21a044f\" data-element_type=\"column\">\n\t\t\t<div class=\"elementor-column-wrap  elementor-element-populated\">\n\t\t\t\t\t<div class=\"elementor-widget-wrap\">\n\t\t\t\t<div class=\"elementor-element elementor-element-559f841 elementor-widget elementor-widget-text-editor\" data-id=\"559f841\" data-element_type=\"widget\" data-widget_type=\"text-editor.default\">\n\t\t\t\t<div class=\"elementor-widget-container\">\n\t\t\t\t\t<div class=\"elementor-text-editor elementor-clearfix\"><p><span style=\"text-decoration: underline; color: #3366ff;\"><strong>2 classes de 4\u00e8me (diaporama de rentr\u00e9e ci-contre) :<\/strong><\/span><\/p>\n<ul>\n<li>Dispositif d&rsquo;alternance (<a href=\"https:\/\/www.saint-joseph-tartas.com\/?page_id=53\"><strong>d\u00e9tails ici<\/strong><\/a>)<\/li>\n<li>1h hebdomadaire de math\u00e9matiques en salle informatique<\/li>\n<li>Option latin (option se d\u00e9roulant jusqu&rsquo;en fin de 3\u00e8me)<\/li>\n<li>Secourisme<\/li>\n<li>LV2 Espagnol<\/li>\n<\/ul>\n<div id=\"ffenetremailtomailModal\" style=\"z-index: 20002;\">\n<div id=\"ffenetremailtopopupModalMail\">\n<div id=\"ffenetremailtopopupQuestion\">\u00a0<\/div>\n<\/div>\n<\/div><\/div>\n\t\t\t\t<\/div>\n\t\t\t\t<\/div>\n\t\t\t\t\t\t<\/div>\n\t\t\t<\/div>\n\t\t<\/div>\n\t\t\t\t<div class=\"elementor-element elementor-element-13296c0 elementor-column elementor-col-50 elementor-top-column\" data-id=\"13296c0\" data-element_type=\"column\">\n\t\t\t<div class=\"elementor-column-wrap  elementor-element-populated\">\n\t\t\t\t\t<div class=\"elementor-widget-wrap\">\n\t\t\t\t<div class=\"elementor-element elementor-element-8e49eb2 elementor-widget elementor-widget-text-editor\" data-id=\"8e49eb2\" data-element_type=\"widget\" data-widget_type=\"text-editor.default\">\n\t\t\t\t<div class=\"elementor-widget-container\">\n\t\t\t\t\t<div class=\"elementor-text-editor elementor-clearfix\"><p><a href=\"https:\/\/www.saint-joseph-tartas.com\/wp-content\/uploads\/2023\/09\/Reunion_d-informations_5eme-et-4\u00e8me_2023.pdf\"><span style=\"color: #ffffff;\"><a href=\"https:\/\/www.saint-joseph-tartas.com\/wp-content\/uploads\/2024\/09\/Reunion_d-informations_5eme_et_4eme_2024.pdf\"><span style=\"color: #ffffff;\">Reunion_d-informations<\/span><img decoding=\"async\" class=\"details-image\" draggable=\"false\" src=\"https:\/\/www.saint-joseph-tartas.com\/wp-content\/uploads\/2024\/09\/Reunion_d-informations_5eme_et_4eme_2024-pdf-1024x768.jpg\" alt=\"\" \/><\/a><\/span><\/a><\/p><\/div>\n\t\t\t\t<\/div>\n\t\t\t\t<\/div>\n\t\t\t\t\t\t<\/div>\n\t\t\t<\/div>\n\t\t<\/div>\n\t\t\t\t\t\t<\/div>\n\t\t\t<\/div>\n\t\t<\/section>\n\t\t\t\t<section class=\"elementor-element elementor-element-b7549b6 elementor-section-boxed elementor-section-height-default elementor-section-height-default elementor-section elementor-top-section\" data-id=\"b7549b6\" data-element_type=\"section\">\n\t\t\t\t\t\t<div class=\"elementor-container elementor-column-gap-default\">\n\t\t\t\t<div class=\"elementor-row\">\n\t\t\t\t<div class=\"elementor-element elementor-element-ee8368f elementor-column elementor-col-50 elementor-top-column\" data-id=\"ee8368f\" data-element_type=\"column\">\n\t\t\t<div class=\"elementor-column-wrap  elementor-element-populated\">\n\t\t\t\t\t<div class=\"elementor-widget-wrap\">\n\t\t\t\t<div class=\"elementor-element elementor-element-568db8d elementor-widget elementor-widget-text-editor\" data-id=\"568db8d\" data-element_type=\"widget\" data-widget_type=\"text-editor.default\">\n\t\t\t\t<div class=\"elementor-widget-container\">\n\t\t\t\t\t<div class=\"elementor-text-editor elementor-clearfix\"><p><span style=\"text-decoration: underline; color: #3366ff;\"><strong>\u00a0classes de 3\u00e8me (diaporama de rentr\u00e9e ci-contre) :<\/strong><\/span><\/p>\n<p><span style=\"text-decoration: underline; color: #3366ff;\"> <!-- \/wp:paragraph --><!-- wp:list --> <\/span><\/p>\n<ul>\n<li>Dispositif d&rsquo;alternance\u00a0(<a href=\"https:\/\/www.saint-joseph-tartas.com\/?page_id=53\"><strong>d\u00e9tails ici<\/strong><\/a>)<\/li>\n<li>Devoirs sur table toutes les semaines (<a href=\"https:\/\/www.saint-joseph-tartas.com\/?page_id=63\"><strong>d\u00e9tails ici<\/strong><\/a>)<\/li>\n<li>1h hebdomadaire de math\u00e9matiques en salle informatique<\/li>\n<li>Option latin (option se d\u00e9roulant jusqu&rsquo;en fin de 3\u00e8me)<\/li>\n<li>LV2 Espagnol<\/li>\n<\/ul>\n<p><!-- \/wp:list --><!-- wp:paragraph {\"backgroundColor\":\"cyan-bluish-gray\"} --><\/p>\n<div id=\"ffenetremailtomailModal\" style=\"z-index: 20002;\">\n<div id=\"ffenetremailtopopupModalMail\">\n<div id=\"ffenetremailtopopupQuestion\">\u00a0<\/div>\n<\/div>\n<\/div><\/div>\n\t\t\t\t<\/div>\n\t\t\t\t<\/div>\n\t\t\t\t\t\t<\/div>\n\t\t\t<\/div>\n\t\t<\/div>\n\t\t\t\t<div class=\"elementor-element elementor-element-efc9870 elementor-column elementor-col-50 elementor-top-column\" data-id=\"efc9870\" data-element_type=\"column\">\n\t\t\t<div class=\"elementor-column-wrap  elementor-element-populated\">\n\t\t\t\t\t<div class=\"elementor-widget-wrap\">\n\t\t\t\t<div class=\"elementor-element elementor-element-e6ce7f7 elementor-widget elementor-widget-text-editor\" data-id=\"e6ce7f7\" data-element_type=\"widget\" data-widget_type=\"text-editor.default\">\n\t\t\t\t<div class=\"elementor-widget-container\">\n\t\t\t\t\t<div class=\"elementor-text-editor elementor-clearfix\"><p><a href=\"https:\/\/www.saint-joseph-tartas.com\/wp-content\/uploads\/2023\/09\/Reunion_d-informations_3eme_2023.pdf\"><span style=\"color: #ffffff;\"><a style=\"color: #ffffff;\" href=\"https:\/\/www.saint-joseph-tartas.com\/wp-content\/uploads\/2024\/09\/Reunion_d-informations_3eme_2024.pdf\">Reunion_d-information<img decoding=\"async\" class=\"details-image\" draggable=\"false\" src=\"https:\/\/www.saint-joseph-tartas.com\/wp-content\/uploads\/2024\/09\/Reunion_d-informations_3eme_2024-pdf-1024x768.jpg\" alt=\"\" \/>s<\/a><\/span><\/a><\/p><\/div>\n\t\t\t\t<\/div>\n\t\t\t\t<\/div>\n\t\t\t\t\t\t<\/div>\n\t\t\t<\/div>\n\t\t<\/div>\n\t\t\t\t\t\t<\/div>\n\t\t\t<\/div>\n\t\t<\/section>\n\t\t\t\t\t\t<\/div>\n\t\t\t<\/div>\n\t\t<\/div>\n\t\t","protected":false},"excerpt":{"rendered":"<p>Le coll\u00e8ge Saint Joseph est un coll\u00e8ge du \u00ab\u00a0matin\u00a0\u00bb Les mati\u00e8res dites fondamentales sont en priorit\u00e9 enseign\u00e9es le matin. Les arts (arts plastiques et musique) et l&rsquo;\u00e9ducation physique et sportive <a class=\"more-link\" href=\"https:\/\/www.saint-joseph-tartas.com\/?page_id=43\">Lire la suite<\/a><\/p>\n","protected":false},"author":3,"featured_media":0,"parent":41,"menu_order":0,"comment_status":"closed","ping_status":"closed","template":"page-fullwidth.php","meta":{"footnotes":""},"class_list":["post-43","page","type-page","status-publish","hentry"],"_links":{"self":[{"href":"https:\/\/www.saint-joseph-tartas.com\/index.php?rest_route=\/wp\/v2\/pages\/43","targetHints":{"allow":["GET"]}}],"collection":[{"href":"https:\/\/www.saint-joseph-tartas.com\/index.php?rest_route=\/wp\/v2\/pages"}],"about":[{"href":"https:\/\/www.saint-joseph-tartas.com\/index.php?rest_route=\/wp\/v2\/types\/page"}],"author":[{"embeddable":true,"href":"https:\/\/www.saint-joseph-tartas.com\/index.php?rest_route=\/wp\/v2\/users\/3"}],"replies":[{"embeddable":true,"href":"https:\/\/www.saint-joseph-tartas.com\/index.php?rest_route=%2Fwp%2Fv2%2Fcomments&post=43"}],"version-history":[{"count":75,"href":"https:\/\/www.saint-joseph-tartas.com\/index.php?rest_route=\/wp\/v2\/pages\/43\/revisions"}],"predecessor-version":[{"id":10100,"href":"https:\/\/www.saint-joseph-tartas.com\/index.php?rest_route=\/wp\/v2\/pages\/43\/revisions\/10100"}],"up":[{"embeddable":true,"href":"https:\/\/www.saint-joseph-tartas.com\/index.php?rest_route=\/wp\/v2\/pages\/41"}],"wp:attachment":[{"href":"https:\/\/www.saint-joseph-tartas.com\/index.php?rest_route=%2Fwp%2Fv2%2Fmedia&parent=43"}],"curies":[{"name":"wp","href":"https:\/\/api.w.org\/{rel}","templated":true}]}}