{"id":45,"date":"2019-06-25T22:55:55","date_gmt":"2019-06-25T20:55:55","guid":{"rendered":"https:\/\/www.saint-joseph-tartas.com\/?page_id=45"},"modified":"2025-10-19T19:46:59","modified_gmt":"2025-10-19T17:46:59","slug":"reglement-interieur","status":"publish","type":"page","link":"https:\/\/www.saint-joseph-tartas.com\/?page_id=45","title":{"rendered":"Photos de classe, effectifs"},"content":{"rendered":"\t\t<div data-elementor-type=\"wp-page\" data-elementor-id=\"45\" class=\"elementor elementor-45\" data-elementor-settings=\"[]\">\n\t\t\t<div class=\"elementor-inner\">\n\t\t\t\t<div class=\"elementor-section-wrap\">\n\t\t\t\t\t\t\t<section class=\"elementor-element elementor-element-20d2d3b7 elementor-section-boxed elementor-section-height-default elementor-section-height-default elementor-section elementor-top-section\" data-id=\"20d2d3b7\" data-element_type=\"section\">\n\t\t\t\t\t\t<div class=\"elementor-container elementor-column-gap-default\">\n\t\t\t\t<div class=\"elementor-row\">\n\t\t\t\t<div class=\"elementor-element elementor-element-66371025 elementor-column elementor-col-100 elementor-top-column\" data-id=\"66371025\" data-element_type=\"column\">\n\t\t\t<div class=\"elementor-column-wrap  elementor-element-populated\">\n\t\t\t\t\t<div class=\"elementor-widget-wrap\">\n\t\t\t\t<div class=\"elementor-element elementor-element-ae4de8d elementor-widget elementor-widget-text-editor\" data-id=\"ae4de8d\" data-element_type=\"widget\" data-widget_type=\"text-editor.default\">\n\t\t\t\t<div class=\"elementor-widget-container\">\n\t\t\t\t\t<div class=\"elementor-text-editor elementor-clearfix\"><p style=\"text-align: left;\"><span style=\"color: #000080;\"><strong>Effectif du coll\u00e8ge :<\/strong>\u00a0<strong>157 \u00e9l\u00e8ves sont inscrits au coll\u00e8ge \u00e0 la rentr\u00e9e 2023<\/strong><\/span><br data-rich-text-line-break=\"true\" \/><strong><span style=\"color: #0e0e9c;\">6\u00e8me A : 17 \u00e9l\u00e8ves <\/span><\/strong><br data-rich-text-line-break=\"true\" \/><strong><span style=\"color: #0e0e9c;\">6\u00e8me B : 17 \u00e9l\u00e8ves<\/span><\/strong><br data-rich-text-line-break=\"true\" \/><strong><span style=\"color: #2e53e6;\">5\u00e8me A : 17 \u00e9l\u00e8ves <\/span><\/strong><br data-rich-text-line-break=\"true\" \/><strong><span style=\"color: #2e53e6;\">5\u00e8me B : 18 \u00e9l\u00e8ves<\/span><\/strong><br data-rich-text-line-break=\"true\" \/><strong><span style=\"color: #3792b3;\">4\u00e8me A : 22\u00a0 \u00e9l\u00e8ves (dont 3 \u00e9l\u00e8ves inscrits dans le dispositif d&rsquo;alternance) <\/span><\/strong><br data-rich-text-line-break=\"true\" \/><strong><span style=\"color: #3792b3;\">4\u00e8me B : 22 \u00e9l\u00e8ves <\/span><\/strong><br data-rich-text-line-break=\"true\" \/><strong><span style=\"color: #41bef0;\">3\u00e8me A : 19 \u00e9l\u00e8ves (dont 5 \u00e9l\u00e8ves inscrits dans le dispositif d&rsquo;alternance)<\/span><\/strong><br data-rich-text-line-break=\"true\" \/><strong><span style=\"color: #41bef0;\">3\u00e8me B : 18 \u00e9l\u00e8ves (dont 4 \u00e9l\u00e8ves inscrits dans le dispositif d&rsquo;alternance)<\/span><\/strong><\/p><p><!-- \/wp:paragraph --><\/p><p>\u00a0<\/p><\/div>\n\t\t\t\t<\/div>\n\t\t\t\t<\/div>\n\t\t\t\t\t\t<\/div>\n\t\t\t<\/div>\n\t\t<\/div>\n\t\t\t\t\t\t<\/div>\n\t\t\t<\/div>\n\t\t<\/section>\n\t\t\t\t<section class=\"elementor-element elementor-element-4c3bcbb elementor-section-boxed elementor-section-height-default elementor-section-height-default elementor-section elementor-top-section\" data-id=\"4c3bcbb\" data-element_type=\"section\">\n\t\t\t\t\t\t<div class=\"elementor-container elementor-column-gap-default\">\n\t\t\t\t<div class=\"elementor-row\">\n\t\t\t\t<div class=\"elementor-element elementor-element-387e227 elementor-column elementor-col-100 elementor-top-column\" data-id=\"387e227\" data-element_type=\"column\">\n\t\t\t<div class=\"elementor-column-wrap  elementor-element-populated\">\n\t\t\t\t\t<div class=\"elementor-widget-wrap\">\n\t\t\t\t<div class=\"elementor-element elementor-element-a4e90ae elementor-arrows-position-inside elementor-widget elementor-widget-image-carousel\" data-id=\"a4e90ae\" data-element_type=\"widget\" data-settings=\"{&quot;slides_to_show&quot;:&quot;1&quot;,&quot;navigation&quot;:&quot;arrows&quot;,&quot;pause_on_hover&quot;:&quot;yes&quot;,&quot;autoplay&quot;:&quot;yes&quot;,&quot;autoplay_speed&quot;:5000,&quot;infinite&quot;:&quot;yes&quot;,&quot;effect&quot;:&quot;slide&quot;,&quot;speed&quot;:500,&quot;direction&quot;:&quot;ltr&quot;}\" data-widget_type=\"image-carousel.default\">\n\t\t\t\t<div class=\"elementor-widget-container\">\n\t\t\t\t\t<div class=\"elementor-image-carousel-wrapper swiper-container\" dir=\"ltr\">\n\t\t\t<div class=\"elementor-image-carousel swiper-wrapper\">\n\t\t\t\t<div class=\"swiper-slide\"><a href=\"https:\/\/www.saint-joseph-tartas.com\/wp-content\/uploads\/2024\/12\/6B_001-scaled.jpg\" data-elementor-open-lightbox=\"default\" data-elementor-lightbox-slideshow=\"a4e90ae\" data-elementor-lightbox-index=\"0\"><figure class=\"swiper-slide-inner\"><img decoding=\"async\" class=\"swiper-slide-image\" src=\"https:\/\/www.saint-joseph-tartas.com\/wp-content\/uploads\/2024\/12\/6B_001-768x512.jpg\" alt=\"6B_001\" \/><\/figure><\/a><\/div><div class=\"swiper-slide\"><a href=\"https:\/\/www.saint-joseph-tartas.com\/wp-content\/uploads\/2024\/12\/6A_001-scaled.jpg\" data-elementor-open-lightbox=\"default\" data-elementor-lightbox-slideshow=\"a4e90ae\" data-elementor-lightbox-index=\"1\"><figure class=\"swiper-slide-inner\"><img decoding=\"async\" class=\"swiper-slide-image\" src=\"https:\/\/www.saint-joseph-tartas.com\/wp-content\/uploads\/2024\/12\/6A_001-768x512.jpg\" alt=\"6A_001\" \/><\/figure><\/a><\/div><div class=\"swiper-slide\"><a href=\"https:\/\/www.saint-joseph-tartas.com\/wp-content\/uploads\/2024\/12\/5B_001-scaled.jpg\" data-elementor-open-lightbox=\"default\" data-elementor-lightbox-slideshow=\"a4e90ae\" data-elementor-lightbox-index=\"2\"><figure class=\"swiper-slide-inner\"><img decoding=\"async\" class=\"swiper-slide-image\" src=\"https:\/\/www.saint-joseph-tartas.com\/wp-content\/uploads\/2024\/12\/5B_001-768x512.jpg\" alt=\"5B_001\" \/><\/figure><\/a><\/div><div class=\"swiper-slide\"><a href=\"https:\/\/www.saint-joseph-tartas.com\/wp-content\/uploads\/2024\/12\/5A_001-scaled.jpg\" data-elementor-open-lightbox=\"default\" data-elementor-lightbox-slideshow=\"a4e90ae\" data-elementor-lightbox-index=\"3\"><figure class=\"swiper-slide-inner\"><img decoding=\"async\" class=\"swiper-slide-image\" src=\"https:\/\/www.saint-joseph-tartas.com\/wp-content\/uploads\/2024\/12\/5A_001-768x512.jpg\" alt=\"5A_001\" \/><\/figure><\/a><\/div><div class=\"swiper-slide\"><a href=\"https:\/\/www.saint-joseph-tartas.com\/wp-content\/uploads\/2024\/12\/4B_001-scaled.jpg\" data-elementor-open-lightbox=\"default\" data-elementor-lightbox-slideshow=\"a4e90ae\" data-elementor-lightbox-index=\"4\"><figure class=\"swiper-slide-inner\"><img decoding=\"async\" class=\"swiper-slide-image\" src=\"https:\/\/www.saint-joseph-tartas.com\/wp-content\/uploads\/2024\/12\/4B_001-768x512.jpg\" alt=\"4B_001\" \/><\/figure><\/a><\/div><div class=\"swiper-slide\"><a href=\"https:\/\/www.saint-joseph-tartas.com\/wp-content\/uploads\/2024\/12\/4A_001-scaled.jpg\" data-elementor-open-lightbox=\"default\" data-elementor-lightbox-slideshow=\"a4e90ae\" data-elementor-lightbox-index=\"5\"><figure class=\"swiper-slide-inner\"><img decoding=\"async\" class=\"swiper-slide-image\" src=\"https:\/\/www.saint-joseph-tartas.com\/wp-content\/uploads\/2024\/12\/4A_001-768x512.jpg\" alt=\"4A_001\" \/><\/figure><\/a><\/div><div class=\"swiper-slide\"><a href=\"https:\/\/www.saint-joseph-tartas.com\/wp-content\/uploads\/2024\/12\/3B_001-scaled.jpg\" data-elementor-open-lightbox=\"default\" data-elementor-lightbox-slideshow=\"a4e90ae\" data-elementor-lightbox-index=\"6\"><figure class=\"swiper-slide-inner\"><img decoding=\"async\" class=\"swiper-slide-image\" src=\"https:\/\/www.saint-joseph-tartas.com\/wp-content\/uploads\/2024\/12\/3B_001-768x512.jpg\" alt=\"3B_001\" \/><\/figure><\/a><\/div><div class=\"swiper-slide\"><a href=\"https:\/\/www.saint-joseph-tartas.com\/wp-content\/uploads\/2024\/12\/3A_001-scaled.jpg\" data-elementor-open-lightbox=\"default\" data-elementor-lightbox-slideshow=\"a4e90ae\" data-elementor-lightbox-index=\"7\"><figure class=\"swiper-slide-inner\"><img decoding=\"async\" class=\"swiper-slide-image\" src=\"https:\/\/www.saint-joseph-tartas.com\/wp-content\/uploads\/2024\/12\/3A_001-768x512.jpg\" alt=\"3A_001\" \/><\/figure><\/a><\/div>\t\t\t<\/div>\n\t\t\t\t\t\t\t\t\t\t\t\t\t\t\t\t<div class=\"elementor-swiper-button elementor-swiper-button-prev\">\n\t\t\t\t\t\t<i class=\"eicon-chevron-left\" aria-hidden=\"true\"><\/i>\n\t\t\t\t\t\t<span class=\"elementor-screen-only\">Pr\u00e9c\u00e9dent<\/span>\n\t\t\t\t\t<\/div>\n\t\t\t\t\t<div class=\"elementor-swiper-button elementor-swiper-button-next\">\n\t\t\t\t\t\t<i class=\"eicon-chevron-right\" aria-hidden=\"true\"><\/i>\n\t\t\t\t\t\t<span class=\"elementor-screen-only\">Suivant<\/span>\n\t\t\t\t\t<\/div>\n\t\t\t\t\t\t\t\t\t<\/div>\n\t\t\t\t<\/div>\n\t\t\t\t<\/div>\n\t\t\t\t\t\t<\/div>\n\t\t\t<\/div>\n\t\t<\/div>\n\t\t\t\t\t\t<\/div>\n\t\t\t<\/div>\n\t\t<\/section>\n\t\t\t\t\t\t<\/div>\n\t\t\t<\/div>\n\t\t<\/div>\n\t\t","protected":false},"excerpt":{"rendered":"<p>Effectif du coll\u00e8ge :\u00a0157 \u00e9l\u00e8ves sont inscrits au coll\u00e8ge \u00e0 la rentr\u00e9e 20246\u00e8me A : 17 \u00e9l\u00e8ves 6\u00e8me B : 17 \u00e9l\u00e8ves5\u00e8me A : 17 \u00e9l\u00e8ves 5\u00e8me B : 18 <a class=\"more-link\" href=\"https:\/\/www.saint-joseph-tartas.com\/?page_id=45\">Lire la suite<\/a><\/p>\n","protected":false},"author":1,"featured_media":0,"parent":41,"menu_order":0,"comment_status":"closed","ping_status":"closed","template":"page-fullwidth.php","meta":{"footnotes":""},"class_list":["post-45","page","type-page","status-publish","hentry"],"_links":{"self":[{"href":"https:\/\/www.saint-joseph-tartas.com\/index.php?rest_route=\/wp\/v2\/pages\/45","targetHints":{"allow":["GET"]}}],"collection":[{"href":"https:\/\/www.saint-joseph-tartas.com\/index.php?rest_route=\/wp\/v2\/pages"}],"about":[{"href":"https:\/\/www.saint-joseph-tartas.com\/index.php?rest_route=\/wp\/v2\/types\/page"}],"author":[{"embeddable":true,"href":"https:\/\/www.saint-joseph-tartas.com\/index.php?rest_route=\/wp\/v2\/users\/1"}],"replies":[{"embeddable":true,"href":"https:\/\/www.saint-joseph-tartas.com\/index.php?rest_route=%2Fwp%2Fv2%2Fcomments&post=45"}],"version-history":[{"count":47,"href":"https:\/\/www.saint-joseph-tartas.com\/index.php?rest_route=\/wp\/v2\/pages\/45\/revisions"}],"predecessor-version":[{"id":10145,"href":"https:\/\/www.saint-joseph-tartas.com\/index.php?rest_route=\/wp\/v2\/pages\/45\/revisions\/10145"}],"up":[{"embeddable":true,"href":"https:\/\/www.saint-joseph-tartas.com\/index.php?rest_route=\/wp\/v2\/pages\/41"}],"wp:attachment":[{"href":"https:\/\/www.saint-joseph-tartas.com\/index.php?rest_route=%2Fwp%2Fv2%2Fmedia&parent=45"}],"curies":[{"name":"wp","href":"https:\/\/api.w.org\/{rel}","templated":true}]}}