{"id":63,"date":"2019-06-25T23:01:03","date_gmt":"2019-06-25T21:01:03","guid":{"rendered":"https:\/\/www.saint-joseph-tartas.com\/?page_id=63"},"modified":"2026-03-09T23:57:43","modified_gmt":"2026-03-09T22:57:43","slug":"devoirs-sur-table","status":"publish","type":"page","link":"https:\/\/www.saint-joseph-tartas.com\/?page_id=63","title":{"rendered":"Devoirs sur table"},"content":{"rendered":"\t\t<div data-elementor-type=\"wp-page\" data-elementor-id=\"63\" class=\"elementor elementor-63\" data-elementor-settings=\"[]\">\n\t\t\t<div class=\"elementor-inner\">\n\t\t\t\t<div class=\"elementor-section-wrap\">\n\t\t\t\t\t\t\t<section class=\"elementor-element elementor-element-7bcb7d4a elementor-section-boxed elementor-section-height-default elementor-section-height-default elementor-section elementor-top-section\" data-id=\"7bcb7d4a\" data-element_type=\"section\">\n\t\t\t\t\t\t<div class=\"elementor-container elementor-column-gap-default\">\n\t\t\t\t<div class=\"elementor-row\">\n\t\t\t\t<div class=\"elementor-element elementor-element-21d0cd69 elementor-column elementor-col-100 elementor-top-column\" data-id=\"21d0cd69\" data-element_type=\"column\">\n\t\t\t<div class=\"elementor-column-wrap  elementor-element-populated\">\n\t\t\t\t\t<div class=\"elementor-widget-wrap\">\n\t\t\t\t<div class=\"elementor-element elementor-element-6b02dda2 elementor-widget elementor-widget-text-editor\" data-id=\"6b02dda2\" data-element_type=\"widget\" data-widget_type=\"text-editor.default\">\n\t\t\t\t<div class=\"elementor-widget-container\">\n\t\t\t\t\t<div class=\"elementor-text-editor elementor-clearfix\"><p><script src=\"https:\/\/rdc.apicit.net\/addtrack\/index.fr.r1s87905.js?_=1576612021\" type=\"text\/javascript\"><\/script><\/p>\n<p><!-- wp:paragraph --><\/p>\n<p>Depuis la rentr\u00e9e 2015, les \u00e9l\u00e8ves de troisi\u00e8me ont une heure dans l&#8217;emploi du temps r\u00e9serv\u00e9e \u00e0 des devoirs sur table (DST).<\/p>\n<p><!-- \/wp:paragraph --><!-- wp:paragraph --><\/p>\n<p>Ces \u00e9valuations concerneront essentiellement les mati\u00e8res brevet. Elles ont pour but :<\/p>\n<p><!-- \/wp:paragraph --><!-- wp:list --><\/p>\n<ul>\n<li>de participer \u00e0 l&rsquo;apprentissage de la bonne organisation du travail personnel telle qu&rsquo;elle leur sera demand\u00e9e \u00e0 l&rsquo;entr\u00e9e au lyc\u00e9e ;<\/li>\n<li>de pr\u00e9parer au mieux les \u00e9l\u00e8ves aux \u00e9preuves finales du DNB.<\/li>\n<\/ul>\n<p><!-- \/wp:list --><!-- wp:paragraph --><\/p>\n<p><!-- \/wp:paragraph --><!-- wp:table --><\/p>\n<figure class=\"wp-block-table\"><\/figure>\n<p><!-- \/wp:table --><\/p><\/div>\n\t\t\t\t<\/div>\n\t\t\t\t<\/div>\n\t\t\t\t\t\t<\/div>\n\t\t\t<\/div>\n\t\t<\/div>\n\t\t\t\t\t\t<\/div>\n\t\t\t<\/div>\n\t\t<\/section>\n\t\t\t\t<section class=\"elementor-element elementor-element-7d600fe elementor-section-boxed elementor-section-height-default elementor-section-height-default elementor-section elementor-top-section\" data-id=\"7d600fe\" data-element_type=\"section\">\n\t\t\t\t\t\t<div class=\"elementor-container elementor-column-gap-default\">\n\t\t\t\t<div class=\"elementor-row\">\n\t\t\t\t<div class=\"elementor-element elementor-element-b247dd0 elementor-column elementor-col-100 elementor-top-column\" data-id=\"b247dd0\" data-element_type=\"column\">\n\t\t\t<div class=\"elementor-column-wrap  elementor-element-populated\">\n\t\t\t\t\t<div class=\"elementor-widget-wrap\">\n\t\t\t\t<div class=\"elementor-element elementor-element-456b23e elementor-widget elementor-widget-text-editor\" data-id=\"456b23e\" data-element_type=\"widget\" data-widget_type=\"text-editor.default\">\n\t\t\t\t<div class=\"elementor-widget-container\">\n\t\t\t\t\t<div class=\"elementor-text-editor elementor-clearfix\"><p style=\"text-align: center;\">Pour acc\u00e9der au planning des DST, <a href=\"https:\/\/www.saint-joseph-tartas.com\/wp-content\/uploads\/2026\/03\/PLANNING_DST_3e_20252026.pdf\">cliquer ici<\/a><\/p><\/div>\n\t\t\t\t<\/div>\n\t\t\t\t<\/div>\n\t\t\t\t\t\t<\/div>\n\t\t\t<\/div>\n\t\t<\/div>\n\t\t\t\t\t\t<\/div>\n\t\t\t<\/div>\n\t\t<\/section>\n\t\t\t\t\t\t<\/div>\n\t\t\t<\/div>\n\t\t<\/div>\n\t\t","protected":false},"excerpt":{"rendered":"<p>Depuis la rentr\u00e9e 2015, les \u00e9l\u00e8ves de troisi\u00e8me ont une heure dans l&#8217;emploi du temps r\u00e9serv\u00e9e \u00e0 des devoirs sur table (DST). Ces \u00e9valuations concerneront essentiellement les mati\u00e8res brevet. Elles <a class=\"more-link\" href=\"https:\/\/www.saint-joseph-tartas.com\/?page_id=63\">Lire la suite<\/a><\/p>\n","protected":false},"author":1,"featured_media":0,"parent":41,"menu_order":0,"comment_status":"closed","ping_status":"closed","template":"page-fullwidth.php","meta":{"footnotes":""},"class_list":["post-63","page","type-page","status-publish","hentry"],"_links":{"self":[{"href":"https:\/\/www.saint-joseph-tartas.com\/index.php?rest_route=\/wp\/v2\/pages\/63","targetHints":{"allow":["GET"]}}],"collection":[{"href":"https:\/\/www.saint-joseph-tartas.com\/index.php?rest_route=\/wp\/v2\/pages"}],"about":[{"href":"https:\/\/www.saint-joseph-tartas.com\/index.php?rest_route=\/wp\/v2\/types\/page"}],"author":[{"embeddable":true,"href":"https:\/\/www.saint-joseph-tartas.com\/index.php?rest_route=\/wp\/v2\/users\/1"}],"replies":[{"embeddable":true,"href":"https:\/\/www.saint-joseph-tartas.com\/index.php?rest_route=%2Fwp%2Fv2%2Fcomments&post=63"}],"version-history":[{"count":50,"href":"https:\/\/www.saint-joseph-tartas.com\/index.php?rest_route=\/wp\/v2\/pages\/63\/revisions"}],"predecessor-version":[{"id":10482,"href":"https:\/\/www.saint-joseph-tartas.com\/index.php?rest_route=\/wp\/v2\/pages\/63\/revisions\/10482"}],"up":[{"embeddable":true,"href":"https:\/\/www.saint-joseph-tartas.com\/index.php?rest_route=\/wp\/v2\/pages\/41"}],"wp:attachment":[{"href":"https:\/\/www.saint-joseph-tartas.com\/index.php?rest_route=%2Fwp%2Fv2%2Fmedia&parent=63"}],"curies":[{"name":"wp","href":"https:\/\/api.w.org\/{rel}","templated":true}]}}