{"id":67,"date":"2019-06-25T23:01:54","date_gmt":"2019-06-25T21:01:54","guid":{"rendered":"https:\/\/www.saint-joseph-tartas.com\/?page_id=67"},"modified":"2020-02-14T09:14:36","modified_gmt":"2020-02-14T08:14:36","slug":"voyages-scolaires","status":"publish","type":"page","link":"https:\/\/www.saint-joseph-tartas.com\/?page_id=67","title":{"rendered":"Secr\u00e9tariat : horaires,contact"},"content":{"rendered":"\n<p>Le secr\u00e9tariat est ouvert tous les jours :<\/p>\n\n\n\n<p><strong>Lundi de 8h15 \u00e0 12h30 et de 13h30 \u00e0 17h00<\/strong><\/p>\n\n\n\n<p><strong>Mardi de 8h15 \u00e0 12h30 et de 13h30 \u00e0 17h00<\/strong><\/p>\n\n\n\n<p><strong>Mercredi de 8h30 \u00e0 12h00<\/strong><\/p>\n\n\n\n<p><strong>Jeudi de 8h15 \u00e0 12h30 et de 13h30 \u00e0 17h00<\/strong><\/p>\n\n\n\n<p><strong>Vendredi de 8h15 \u00e0 12h30 et de 13h30 \u00e0 17h00<\/strong><\/p>\n\n\n\n<p>Nous rappelons que les \u00e9l\u00e8ves ne peuvent se rendre au secr\u00e9tariat qu&rsquo;avant les cours ou aux r\u00e9cr\u00e9ations !<\/p>\n\n\n\n<p>Pour contacter le secr\u00e9tariat,&nbsp;<a href=\"https:\/\/www.saint-joseph-tartas.com\/?page_id=576\" target=\"_blank\" rel=\"noreferrer noopener\" aria-label=\"cliquez i (s\u2019ouvre dans un nouvel onglet)\">cliquez i<\/a><a rel=\"noreferrer noopener\" target=\"_blank\" href=\"http:\/\/www.saint-joseph-tartas.com\/com\/contact.php\">ci<\/a>.<\/p>\n","protected":false},"excerpt":{"rendered":"<p>Le secr\u00e9tariat est ouvert tous les jours : Lundi de 8h15 \u00e0 12h30 et de 13h30 \u00e0 17h00 Mardi de 8h15 \u00e0 12h30 et de 13h30 \u00e0 17h00 Mercredi de <a class=\"more-link\" href=\"https:\/\/www.saint-joseph-tartas.com\/?page_id=67\">Lire la suite<\/a><\/p>\n","protected":false},"author":1,"featured_media":0,"parent":93,"menu_order":0,"comment_status":"closed","ping_status":"closed","template":"page-fullwidth.php","meta":{"footnotes":""},"class_list":["post-67","page","type-page","status-publish","hentry"],"_links":{"self":[{"href":"https:\/\/www.saint-joseph-tartas.com\/index.php?rest_route=\/wp\/v2\/pages\/67","targetHints":{"allow":["GET"]}}],"collection":[{"href":"https:\/\/www.saint-joseph-tartas.com\/index.php?rest_route=\/wp\/v2\/pages"}],"about":[{"href":"https:\/\/www.saint-joseph-tartas.com\/index.php?rest_route=\/wp\/v2\/types\/page"}],"author":[{"embeddable":true,"href":"https:\/\/www.saint-joseph-tartas.com\/index.php?rest_route=\/wp\/v2\/users\/1"}],"replies":[{"embeddable":true,"href":"https:\/\/www.saint-joseph-tartas.com\/index.php?rest_route=%2Fwp%2Fv2%2Fcomments&post=67"}],"version-history":[{"count":8,"href":"https:\/\/www.saint-joseph-tartas.com\/index.php?rest_route=\/wp\/v2\/pages\/67\/revisions"}],"predecessor-version":[{"id":2042,"href":"https:\/\/www.saint-joseph-tartas.com\/index.php?rest_route=\/wp\/v2\/pages\/67\/revisions\/2042"}],"up":[{"embeddable":true,"href":"https:\/\/www.saint-joseph-tartas.com\/index.php?rest_route=\/wp\/v2\/pages\/93"}],"wp:attachment":[{"href":"https:\/\/www.saint-joseph-tartas.com\/index.php?rest_route=%2Fwp%2Fv2%2Fmedia&parent=67"}],"curies":[{"name":"wp","href":"https:\/\/api.w.org\/{rel}","templated":true}]}}