{"id":73,"date":"2019-06-25T23:05:12","date_gmt":"2019-06-25T21:05:12","guid":{"rendered":"https:\/\/www.saint-joseph-tartas.com\/?page_id=73"},"modified":"2022-11-08T11:23:32","modified_gmt":"2022-11-08T10:23:32","slug":"cdi","status":"publish","type":"page","link":"https:\/\/www.saint-joseph-tartas.com\/?page_id=73","title":{"rendered":"CDI"},"content":{"rendered":"\t\t<div data-elementor-type=\"wp-page\" data-elementor-id=\"73\" class=\"elementor elementor-73\" data-elementor-settings=\"[]\">\n\t\t\t<div class=\"elementor-inner\">\n\t\t\t\t<div class=\"elementor-section-wrap\">\n\t\t\t\t\t\t\t<section class=\"elementor-element elementor-element-7e6d7ba elementor-section-boxed elementor-section-height-default elementor-section-height-default elementor-section elementor-top-section\" data-id=\"7e6d7ba\" data-element_type=\"section\">\n\t\t\t\t\t\t<div class=\"elementor-container elementor-column-gap-default\">\n\t\t\t\t<div class=\"elementor-row\">\n\t\t\t\t<div class=\"elementor-element elementor-element-e000d04 elementor-column elementor-col-100 elementor-top-column\" data-id=\"e000d04\" data-element_type=\"column\">\n\t\t\t<div class=\"elementor-column-wrap  elementor-element-populated\">\n\t\t\t\t\t<div class=\"elementor-widget-wrap\">\n\t\t\t\t<div class=\"elementor-element elementor-element-74ec176 elementor-widget elementor-widget-heading\" data-id=\"74ec176\" data-element_type=\"widget\" data-widget_type=\"heading.default\">\n\t\t\t\t<div class=\"elementor-widget-container\">\n\t\t\t<h2 class=\"elementor-heading-title elementor-size-large\">Qu'est-ce qu'un CDI ?<\/h2>\t\t<\/div>\n\t\t\t\t<\/div>\n\t\t\t\t\t\t<\/div>\n\t\t\t<\/div>\n\t\t<\/div>\n\t\t\t\t\t\t<\/div>\n\t\t\t<\/div>\n\t\t<\/section>\n\t\t\t\t<section class=\"elementor-element elementor-element-680610e elementor-section-boxed elementor-section-height-default elementor-section-height-default elementor-section elementor-top-section\" data-id=\"680610e\" data-element_type=\"section\">\n\t\t\t\t\t\t<div class=\"elementor-container elementor-column-gap-default\">\n\t\t\t\t<div class=\"elementor-row\">\n\t\t\t\t<div class=\"elementor-element elementor-element-51fefaa elementor-column elementor-col-50 elementor-top-column\" data-id=\"51fefaa\" data-element_type=\"column\">\n\t\t\t<div class=\"elementor-column-wrap  elementor-element-populated\">\n\t\t\t\t\t<div class=\"elementor-widget-wrap\">\n\t\t\t\t<div class=\"elementor-element elementor-element-c20aa8a elementor-widget elementor-widget-text-editor\" data-id=\"c20aa8a\" data-element_type=\"widget\" data-widget_type=\"text-editor.default\">\n\t\t\t\t<div class=\"elementor-widget-container\">\n\t\t\t\t\t<div class=\"elementor-text-editor elementor-clearfix\"><p style=\"text-align: center;\"><strong><span style=\"color: #0d228c;\">Le CDI repr\u00e9sente le centre d&rsquo;ouverture culturelle de l&rsquo;\u00e9tablissement. Le CDI est g\u00e9r\u00e9 par une professeure documentaliste qui a 3 missions principales :<\/span><\/strong><\/p>\n<p><!-- \/wp:paragraph --><!-- wp:paragraph --><\/p>\n<p><span style=\"color: #1038c7;\"><strong>&#8211; Formation : la professeure documentaliste est un professeur comme les autres qui pr\u00e9pare et anime des s\u00e9ances p\u00e9dagogiques aupr\u00e8s des \u00e9l\u00e8ves pour qu&rsquo;ils acqui\u00e8rent des comp\u00e9tences info-documentaires. Le professeur documentaliste travaille aussi en interdisciplinarit\u00e9 avec les autres disciplines.<\/strong><\/span><\/p>\n<p><!-- \/wp:paragraph --><!-- wp:paragraph --><\/p>\n<p><span style=\"color: #1b64e3;\"><strong>&#8211; Gestion : la professeure documentaliste g\u00e8re le centre de ressources de l&rsquo;\u00e9tablissement, elle prend soin de renouveler le fonds documentaire du CDI, d&rsquo;enregistrer les pr\u00eats et les retours, de se procurer la documentation demand\u00e9e par les \u00e9l\u00e8ves et l&rsquo;\u00e9quipe p\u00e9dagogique.<\/strong><\/span><\/p>\n<p><span style=\"color: #1087e8;\"><strong>&#8211; Communication : la professeure documentaliste a un r\u00f4le de m\u00e9diatrice culturelle, elle doit pr\u00e9senter \u00e0 l&rsquo;\u00e9quipe p\u00e9dagogique et aux \u00e9l\u00e8ves les \u00e9v\u00e8nements culturels qui se passent en dehors de l&rsquo;\u00e9tablissement.<\/strong><\/span><\/p>\n<p><!-- \/wp:paragraph --><!-- wp:paragraph --><\/p><\/div>\n\t\t\t\t<\/div>\n\t\t\t\t<\/div>\n\t\t\t\t\t\t<\/div>\n\t\t\t<\/div>\n\t\t<\/div>\n\t\t\t\t<div class=\"elementor-element elementor-element-621e848 elementor-column elementor-col-50 elementor-top-column\" data-id=\"621e848\" data-element_type=\"column\">\n\t\t\t<div class=\"elementor-column-wrap  elementor-element-populated\">\n\t\t\t\t\t<div class=\"elementor-widget-wrap\">\n\t\t\t\t<div class=\"elementor-element elementor-element-d39e61f elementor-widget elementor-widget-image\" data-id=\"d39e61f\" data-element_type=\"widget\" data-widget_type=\"image.default\">\n\t\t\t\t<div class=\"elementor-widget-container\">\n\t\t\t\t\t<div class=\"elementor-image\">\n\t\t\t\t\t\t\t\t\t\t\t<a href=\"https:\/\/www.saint-joseph-tartas.com\/wp-content\/uploads\/2019\/12\/Cdi_img05-scaled.jpg\" data-elementor-open-lightbox=\"default\">\n\t\t\t\t\t\t\t<img loading=\"lazy\" decoding=\"async\" width=\"678\" height=\"509\" src=\"https:\/\/www.saint-joseph-tartas.com\/wp-content\/uploads\/2019\/12\/Cdi_img05-768x576.jpg\" class=\"attachment-medium_large size-medium_large\" alt=\"\" srcset=\"https:\/\/www.saint-joseph-tartas.com\/wp-content\/uploads\/2019\/12\/Cdi_img05-768x576.jpg 768w, https:\/\/www.saint-joseph-tartas.com\/wp-content\/uploads\/2019\/12\/Cdi_img05-300x225.jpg 300w, https:\/\/www.saint-joseph-tartas.com\/wp-content\/uploads\/2019\/12\/Cdi_img05-1024x768.jpg 1024w, https:\/\/www.saint-joseph-tartas.com\/wp-content\/uploads\/2019\/12\/Cdi_img05-1536x1152.jpg 1536w, https:\/\/www.saint-joseph-tartas.com\/wp-content\/uploads\/2019\/12\/Cdi_img05-2048x1536.jpg 2048w\" sizes=\"auto, (max-width: 678px) 100vw, 678px\" \/>\t\t\t\t\t\t\t\t<\/a>\n\t\t\t\t\t\t\t\t\t\t\t<\/div>\n\t\t\t\t<\/div>\n\t\t\t\t<\/div>\n\t\t\t\t\t\t<\/div>\n\t\t\t<\/div>\n\t\t<\/div>\n\t\t\t\t\t\t<\/div>\n\t\t\t<\/div>\n\t\t<\/section>\n\t\t\t\t<section class=\"elementor-element elementor-element-75a150f elementor-section-boxed elementor-section-height-default elementor-section-height-default elementor-section elementor-top-section\" data-id=\"75a150f\" data-element_type=\"section\">\n\t\t\t\t\t\t<div class=\"elementor-container elementor-column-gap-default\">\n\t\t\t\t<div class=\"elementor-row\">\n\t\t\t\t<div class=\"elementor-element elementor-element-ebec249 elementor-column elementor-col-100 elementor-top-column\" data-id=\"ebec249\" data-element_type=\"column\">\n\t\t\t<div class=\"elementor-column-wrap  elementor-element-populated\">\n\t\t\t\t\t<div class=\"elementor-widget-wrap\">\n\t\t\t\t<div class=\"elementor-element elementor-element-f257b7a elementor-widget elementor-widget-text-editor\" data-id=\"f257b7a\" data-element_type=\"widget\" data-widget_type=\"text-editor.default\">\n\t\t\t\t<div class=\"elementor-widget-container\">\n\t\t\t\t\t<div class=\"elementor-text-editor elementor-clearfix\"><\/div>\n\t\t\t\t<\/div>\n\t\t\t\t<\/div>\n\t\t\t\t\t\t<\/div>\n\t\t\t<\/div>\n\t\t<\/div>\n\t\t\t\t\t\t<\/div>\n\t\t\t<\/div>\n\t\t<\/section>\n\t\t\t\t<section class=\"elementor-element elementor-element-97eb698 elementor-section-boxed elementor-section-height-default elementor-section-height-default elementor-section elementor-top-section\" data-id=\"97eb698\" data-element_type=\"section\">\n\t\t\t\t\t\t<div class=\"elementor-container elementor-column-gap-default\">\n\t\t\t\t<div class=\"elementor-row\">\n\t\t\t\t<div class=\"elementor-element elementor-element-70e0c4e elementor-column elementor-col-100 elementor-top-column\" data-id=\"70e0c4e\" data-element_type=\"column\">\n\t\t\t<div class=\"elementor-column-wrap  elementor-element-populated\">\n\t\t\t\t\t<div class=\"elementor-widget-wrap\">\n\t\t\t\t<div class=\"elementor-element elementor-element-b53fa41 elementor-widget elementor-widget-heading\" data-id=\"b53fa41\" data-element_type=\"widget\" data-widget_type=\"heading.default\">\n\t\t\t\t<div class=\"elementor-widget-container\">\n\t\t\t<h2 class=\"elementor-heading-title elementor-size-large\">Que fait-on au CDI ?<\/h2>\t\t<\/div>\n\t\t\t\t<\/div>\n\t\t\t\t\t\t<\/div>\n\t\t\t<\/div>\n\t\t<\/div>\n\t\t\t\t\t\t<\/div>\n\t\t\t<\/div>\n\t\t<\/section>\n\t\t\t\t<section class=\"elementor-element elementor-element-42d08b2 elementor-section-boxed elementor-section-height-default elementor-section-height-default elementor-section elementor-top-section\" data-id=\"42d08b2\" data-element_type=\"section\">\n\t\t\t\t\t\t<div class=\"elementor-container elementor-column-gap-default\">\n\t\t\t\t<div class=\"elementor-row\">\n\t\t\t\t<div class=\"elementor-element elementor-element-5d26420 elementor-column elementor-col-33 elementor-top-column\" data-id=\"5d26420\" data-element_type=\"column\">\n\t\t\t<div class=\"elementor-column-wrap  elementor-element-populated\">\n\t\t\t\t\t<div class=\"elementor-widget-wrap\">\n\t\t\t\t<div class=\"elementor-element elementor-element-19fc586 elementor-widget elementor-widget-text-editor\" data-id=\"19fc586\" data-element_type=\"widget\" data-widget_type=\"text-editor.default\">\n\t\t\t\t<div class=\"elementor-widget-container\">\n\t\t\t\t\t<div class=\"elementor-text-editor elementor-clearfix\"><p style=\"text-align: left;\"><span style=\"color: #426961;\"><strong>1 &#8211; On lit : les \u00e9l\u00e8ves et les professeurs sont libres de venir au CDI pour lire :<\/strong><\/span><\/p>\n<p><!-- \/wp:paragraph --><!-- wp:list --><\/p>\n<ul>\n<li><span style=\"color: #48c2a5;\">Des fictions : romans, contes, po\u00e9sie, th\u00e9\u00e2tre, albums, BD, mangas&#8230; Ces fictions sont class\u00e9es par genres et par ordre alphab\u00e9tique \u00e0 partir du nom de l&rsquo;auteur.<\/span><\/li>\n<\/ul>\n<p><!-- \/wp:list --><!-- wp:list --><\/p>\n<ul>\n<li><span style=\"color: #48c2a5;\">Des journaux et des revues :<\/span><br \/><span style=\"color: #48c2a5;\">\u00a0<\/span>\n<ul>\n<li><span style=\"color: #48c2a5;\">Pour s&rsquo;informer : Sud-Ouest, l&rsquo;Actu<\/span><br \/><span style=\"color: #48c2a5;\">\u00a0<\/span><\/li>\n<li><span style=\"color: #48c2a5;\">Pour se d\u00e9tendre : Okapi<\/span><br \/><span style=\"color: #48c2a5;\">\u00a0<\/span><\/li>\n<li><span style=\"color: #48c2a5;\">Pour apprendre : Sciences et Vie Junior<\/span><\/li>\n<\/ul>\n<\/li>\n<\/ul>\n<p><span style=\"color: #48c2a5;\"><!-- \/wp:list --><!-- wp:list --><\/span><\/p>\n<ul>\n<li><span style=\"color: #48c2a5;\">Des livres documentaires<\/span><\/li>\n<\/ul><\/div>\n\t\t\t\t<\/div>\n\t\t\t\t<\/div>\n\t\t\t\t\t\t<\/div>\n\t\t\t<\/div>\n\t\t<\/div>\n\t\t\t\t<div class=\"elementor-element elementor-element-28b4d93 elementor-column elementor-col-33 elementor-top-column\" data-id=\"28b4d93\" data-element_type=\"column\">\n\t\t\t<div class=\"elementor-column-wrap  elementor-element-populated\">\n\t\t\t\t\t<div class=\"elementor-widget-wrap\">\n\t\t\t\t<div class=\"elementor-element elementor-element-3be1c9e elementor-widget elementor-widget-text-editor\" data-id=\"3be1c9e\" data-element_type=\"widget\" data-widget_type=\"text-editor.default\">\n\t\t\t\t<div class=\"elementor-widget-container\">\n\t\t\t\t\t<div class=\"elementor-text-editor elementor-clearfix\"><p style=\"text-align: justify;\"><span style=\"color: #076b4a;\"><strong>2- On emprunte des livres :\u00a0<\/strong><\/span><\/p>\n<p style=\"text-align: justify;\"><!-- \/wp:paragraph --><!-- wp:paragraph --><\/p>\n<p style=\"text-align: justify;\"><span style=\"color: #0bb878;\">Il est possible d&#8217;emprunter deux livres et une revue pendant une dur\u00e9e de 15 jours.<\/span><\/p>\n<p style=\"text-align: justify;\"><span style=\"color: #0bb878;\"><!-- \/wp:paragraph --><!-- wp:paragraph --><\/span><\/p>\n<p style=\"text-align: justify;\"><span style=\"color: #0bb878;\">Vous n&rsquo;avez pas fini un livre ? Si le livre n&rsquo;est pas r\u00e9serv\u00e9, vous pouvez prolonger ce pr\u00eat en informant la professeure documentaliste.<\/span><\/p>\n<p style=\"text-align: justify;\"><span style=\"color: #0bb878;\"><!-- \/wp:paragraph --><!-- wp:paragraph --><\/span><\/p>\n<p style=\"text-align: justify;\"><br \/><span style=\"color: #0bb878;\"><em>Les dictionnaires et encyclop\u00e9dies ne sont pas empruntables.<\/em><\/span><\/p><\/div>\n\t\t\t\t<\/div>\n\t\t\t\t<\/div>\n\t\t\t\t\t\t<\/div>\n\t\t\t<\/div>\n\t\t<\/div>\n\t\t\t\t<div class=\"elementor-element elementor-element-ce5a3eb elementor-column elementor-col-33 elementor-top-column\" data-id=\"ce5a3eb\" data-element_type=\"column\">\n\t\t\t<div class=\"elementor-column-wrap  elementor-element-populated\">\n\t\t\t\t\t<div class=\"elementor-widget-wrap\">\n\t\t\t\t<div class=\"elementor-element elementor-element-b5d55d5 elementor-widget elementor-widget-text-editor\" data-id=\"b5d55d5\" data-element_type=\"widget\" data-widget_type=\"text-editor.default\">\n\t\t\t\t<div class=\"elementor-widget-container\">\n\t\t\t\t\t<div class=\"elementor-text-editor elementor-clearfix\"><p style=\"text-align: justify;\"><strong><span style=\"color: #0b7542;\">3 &#8211; On fait des recherches :<\/span> <\/strong><\/p>\n<ul style=\"text-align: justify;\">\n<li><span style=\"color: #0d9428;\">Pour ses devoirs : les documentaires sont class\u00e9s par grands champs de connaissance (Religion, Sciences, Arts, Histoire-G\u00e9ographie&#8230;)\u00a0<\/span><\/li>\n<li><span style=\"color: #0d9428;\">Sur un m\u00e9tier : Pour vous aider dans votre orientation, vous trouverez dans le kiosque ONISEP des bochures et des fiches sur les diff\u00e9rents m\u00e9tiers et formations. Sur les postes informatiques, vous aurez acc\u00e8s \u00e0 diff\u00e9rents sites Internet sur l&rsquo;orientation tels que Onisep, Nadoz&#8230;<\/span><\/li>\n<\/ul>\n<p style=\"text-align: justify;\"><span style=\"color: #0d9428;\">Avec l&rsquo;autorisation de la professeure documentaliste, vous pouvez faire une recherche sur internet, du traitement de texte, consulter les c\u00e9d\u00e9roms<\/span><\/p>\n<p>.<\/p><\/div>\n\t\t\t\t<\/div>\n\t\t\t\t<\/div>\n\t\t\t\t\t\t<\/div>\n\t\t\t<\/div>\n\t\t<\/div>\n\t\t\t\t\t\t<\/div>\n\t\t\t<\/div>\n\t\t<\/section>\n\t\t\t\t<section class=\"elementor-element elementor-element-dd57bd7 elementor-section-boxed elementor-section-height-default elementor-section-height-default elementor-section elementor-top-section\" data-id=\"dd57bd7\" data-element_type=\"section\">\n\t\t\t\t\t\t<div class=\"elementor-container elementor-column-gap-default\">\n\t\t\t\t<div class=\"elementor-row\">\n\t\t\t\t<div class=\"elementor-element elementor-element-b360e6c elementor-column elementor-col-25 elementor-top-column\" data-id=\"b360e6c\" data-element_type=\"column\">\n\t\t\t<div class=\"elementor-column-wrap  elementor-element-populated\">\n\t\t\t\t\t<div class=\"elementor-widget-wrap\">\n\t\t\t\t<div class=\"elementor-element elementor-element-84f22a1 elementor-widget elementor-widget-image\" data-id=\"84f22a1\" data-element_type=\"widget\" data-widget_type=\"image.default\">\n\t\t\t\t<div class=\"elementor-widget-container\">\n\t\t\t\t\t<div class=\"elementor-image\">\n\t\t\t\t\t\t\t\t\t\t<img loading=\"lazy\" decoding=\"async\" width=\"678\" height=\"509\" src=\"https:\/\/www.saint-joseph-tartas.com\/wp-content\/uploads\/2019\/12\/Cdi_img02-1024x768.jpg\" class=\"attachment-large size-large\" alt=\"\" srcset=\"https:\/\/www.saint-joseph-tartas.com\/wp-content\/uploads\/2019\/12\/Cdi_img02-1024x768.jpg 1024w, https:\/\/www.saint-joseph-tartas.com\/wp-content\/uploads\/2019\/12\/Cdi_img02-300x225.jpg 300w, https:\/\/www.saint-joseph-tartas.com\/wp-content\/uploads\/2019\/12\/Cdi_img02-768x576.jpg 768w, https:\/\/www.saint-joseph-tartas.com\/wp-content\/uploads\/2019\/12\/Cdi_img02-1536x1152.jpg 1536w, https:\/\/www.saint-joseph-tartas.com\/wp-content\/uploads\/2019\/12\/Cdi_img02-2048x1536.jpg 2048w\" sizes=\"auto, (max-width: 678px) 100vw, 678px\" \/>\t\t\t\t\t\t\t\t\t\t\t<\/div>\n\t\t\t\t<\/div>\n\t\t\t\t<\/div>\n\t\t\t\t\t\t<\/div>\n\t\t\t<\/div>\n\t\t<\/div>\n\t\t\t\t<div class=\"elementor-element elementor-element-ef1e8cb elementor-column elementor-col-25 elementor-top-column\" data-id=\"ef1e8cb\" data-element_type=\"column\">\n\t\t\t<div class=\"elementor-column-wrap  elementor-element-populated\">\n\t\t\t\t\t<div class=\"elementor-widget-wrap\">\n\t\t\t\t<div class=\"elementor-element elementor-element-f3ce258 elementor-widget elementor-widget-image\" data-id=\"f3ce258\" data-element_type=\"widget\" data-widget_type=\"image.default\">\n\t\t\t\t<div class=\"elementor-widget-container\">\n\t\t\t\t\t<div class=\"elementor-image\">\n\t\t\t\t\t\t\t\t\t\t<img loading=\"lazy\" decoding=\"async\" width=\"678\" height=\"509\" src=\"https:\/\/www.saint-joseph-tartas.com\/wp-content\/uploads\/2019\/12\/Cdi_img01-1024x768.jpg\" class=\"attachment-large size-large\" alt=\"\" srcset=\"https:\/\/www.saint-joseph-tartas.com\/wp-content\/uploads\/2019\/12\/Cdi_img01-1024x768.jpg 1024w, https:\/\/www.saint-joseph-tartas.com\/wp-content\/uploads\/2019\/12\/Cdi_img01-300x225.jpg 300w, https:\/\/www.saint-joseph-tartas.com\/wp-content\/uploads\/2019\/12\/Cdi_img01-768x576.jpg 768w, https:\/\/www.saint-joseph-tartas.com\/wp-content\/uploads\/2019\/12\/Cdi_img01-1536x1152.jpg 1536w, https:\/\/www.saint-joseph-tartas.com\/wp-content\/uploads\/2019\/12\/Cdi_img01-2048x1536.jpg 2048w\" sizes=\"auto, (max-width: 678px) 100vw, 678px\" \/>\t\t\t\t\t\t\t\t\t\t\t<\/div>\n\t\t\t\t<\/div>\n\t\t\t\t<\/div>\n\t\t\t\t\t\t<\/div>\n\t\t\t<\/div>\n\t\t<\/div>\n\t\t\t\t<div class=\"elementor-element elementor-element-d55404d elementor-column elementor-col-25 elementor-top-column\" data-id=\"d55404d\" data-element_type=\"column\">\n\t\t\t<div class=\"elementor-column-wrap  elementor-element-populated\">\n\t\t\t\t\t<div class=\"elementor-widget-wrap\">\n\t\t\t\t<div class=\"elementor-element elementor-element-cd650d6 elementor-widget elementor-widget-image\" data-id=\"cd650d6\" data-element_type=\"widget\" data-widget_type=\"image.default\">\n\t\t\t\t<div class=\"elementor-widget-container\">\n\t\t\t\t\t<div class=\"elementor-image\">\n\t\t\t\t\t\t\t\t\t\t<img loading=\"lazy\" decoding=\"async\" width=\"678\" height=\"509\" src=\"https:\/\/www.saint-joseph-tartas.com\/wp-content\/uploads\/2019\/12\/Cdi_img03-1024x768.jpg\" class=\"attachment-large size-large\" alt=\"\" srcset=\"https:\/\/www.saint-joseph-tartas.com\/wp-content\/uploads\/2019\/12\/Cdi_img03-1024x768.jpg 1024w, https:\/\/www.saint-joseph-tartas.com\/wp-content\/uploads\/2019\/12\/Cdi_img03-300x225.jpg 300w, https:\/\/www.saint-joseph-tartas.com\/wp-content\/uploads\/2019\/12\/Cdi_img03-768x576.jpg 768w, https:\/\/www.saint-joseph-tartas.com\/wp-content\/uploads\/2019\/12\/Cdi_img03-1536x1152.jpg 1536w, https:\/\/www.saint-joseph-tartas.com\/wp-content\/uploads\/2019\/12\/Cdi_img03-2048x1536.jpg 2048w\" sizes=\"auto, (max-width: 678px) 100vw, 678px\" \/>\t\t\t\t\t\t\t\t\t\t\t<\/div>\n\t\t\t\t<\/div>\n\t\t\t\t<\/div>\n\t\t\t\t\t\t<\/div>\n\t\t\t<\/div>\n\t\t<\/div>\n\t\t\t\t<div class=\"elementor-element elementor-element-452af89 elementor-column elementor-col-25 elementor-top-column\" data-id=\"452af89\" data-element_type=\"column\">\n\t\t\t<div class=\"elementor-column-wrap  elementor-element-populated\">\n\t\t\t\t\t<div class=\"elementor-widget-wrap\">\n\t\t\t\t<div class=\"elementor-element elementor-element-bee4031 elementor-widget elementor-widget-image\" data-id=\"bee4031\" data-element_type=\"widget\" data-widget_type=\"image.default\">\n\t\t\t\t<div class=\"elementor-widget-container\">\n\t\t\t\t\t<div class=\"elementor-image\">\n\t\t\t\t\t\t\t\t\t\t<img loading=\"lazy\" decoding=\"async\" width=\"678\" height=\"509\" src=\"https:\/\/www.saint-joseph-tartas.com\/wp-content\/uploads\/2019\/12\/Cdi_img04-1024x768.jpg\" class=\"attachment-large size-large\" alt=\"\" srcset=\"https:\/\/www.saint-joseph-tartas.com\/wp-content\/uploads\/2019\/12\/Cdi_img04-1024x768.jpg 1024w, https:\/\/www.saint-joseph-tartas.com\/wp-content\/uploads\/2019\/12\/Cdi_img04-300x225.jpg 300w, https:\/\/www.saint-joseph-tartas.com\/wp-content\/uploads\/2019\/12\/Cdi_img04-768x576.jpg 768w, https:\/\/www.saint-joseph-tartas.com\/wp-content\/uploads\/2019\/12\/Cdi_img04-1536x1152.jpg 1536w, https:\/\/www.saint-joseph-tartas.com\/wp-content\/uploads\/2019\/12\/Cdi_img04-2048x1536.jpg 2048w\" sizes=\"auto, (max-width: 678px) 100vw, 678px\" \/>\t\t\t\t\t\t\t\t\t\t\t<\/div>\n\t\t\t\t<\/div>\n\t\t\t\t<\/div>\n\t\t\t\t\t\t<\/div>\n\t\t\t<\/div>\n\t\t<\/div>\n\t\t\t\t\t\t<\/div>\n\t\t\t<\/div>\n\t\t<\/section>\n\t\t\t\t<section class=\"elementor-element elementor-element-96cb083 elementor-section-boxed elementor-section-height-default elementor-section-height-default elementor-section elementor-top-section\" data-id=\"96cb083\" data-element_type=\"section\">\n\t\t\t\t\t\t<div class=\"elementor-container elementor-column-gap-default\">\n\t\t\t\t<div class=\"elementor-row\">\n\t\t\t\t<div class=\"elementor-element elementor-element-b31fbad elementor-column elementor-col-100 elementor-top-column\" data-id=\"b31fbad\" data-element_type=\"column\">\n\t\t\t<div class=\"elementor-column-wrap  elementor-element-populated\">\n\t\t\t\t\t<div class=\"elementor-widget-wrap\">\n\t\t\t\t<div class=\"elementor-element elementor-element-9a1c2aa elementor-widget elementor-widget-heading\" data-id=\"9a1c2aa\" data-element_type=\"widget\" data-widget_type=\"heading.default\">\n\t\t\t\t<div class=\"elementor-widget-container\">\n\t\t\t<h2 class=\"elementor-heading-title elementor-size-large\">Quand peut-on venir au CDI ?<\/h2>\t\t<\/div>\n\t\t\t\t<\/div>\n\t\t\t\t\t\t<\/div>\n\t\t\t<\/div>\n\t\t<\/div>\n\t\t\t\t\t\t<\/div>\n\t\t\t<\/div>\n\t\t<\/section>\n\t\t\t\t<section class=\"elementor-element elementor-element-67d9ee93 elementor-section-boxed elementor-section-height-default elementor-section-height-default elementor-section elementor-top-section\" data-id=\"67d9ee93\" data-element_type=\"section\">\n\t\t\t\t\t\t<div class=\"elementor-container elementor-column-gap-default\">\n\t\t\t\t<div class=\"elementor-row\">\n\t\t\t\t<div class=\"elementor-element elementor-element-33b15db6 elementor-column elementor-col-100 elementor-top-column\" data-id=\"33b15db6\" data-element_type=\"column\">\n\t\t\t<div class=\"elementor-column-wrap  elementor-element-populated\">\n\t\t\t\t\t<div class=\"elementor-widget-wrap\">\n\t\t\t\t<div class=\"elementor-element elementor-element-44fa9747 elementor-widget elementor-widget-text-editor\" data-id=\"44fa9747\" data-element_type=\"widget\" data-widget_type=\"text-editor.default\">\n\t\t\t\t<div class=\"elementor-widget-container\">\n\t\t\t\t\t<div class=\"elementor-text-editor elementor-clearfix\"><p><!-- wp:paragraph --><\/p>\n<p><!-- \/wp:paragraph --><!-- wp:paragraph --><\/p>\n<p><span style=\"color: #067837;\"><strong>\u00a0<\/strong>La professeure documentaliste Mme MANGAS accueille les \u00e9l\u00e8ves le lundi\u00a0 et le\u00a0 jeudi.<\/span><\/p>\n<p><span style=\"color: #067837;\"><!-- \/wp:paragraph --><!-- wp:paragraph --><\/span><\/p>\n<p><span style=\"color: #067837;\">Les \u00e9l\u00e8ves peuvent aussi se rendre au CDI pendant leurs heures d&rsquo;\u00e9tude si la professeure documentaliste n&rsquo;est pas en s\u00e9ance p\u00e9dagogique et si le surveillant donne son accord.<\/span><\/p>\n<p><span style=\"color: #068f11;\"><!-- \/wp:paragraph --><!-- wp:paragraph --><\/span><\/p>\n<p><span style=\"color: #067837;\">Enfin, les \u00e9l\u00e8ves se rendent parfois au CDI accompagn\u00e9s de leur professeur dans le cadre d&rsquo;un cours pour profiter des documents.<\/span><\/p>\n<p><!-- \/wp:paragraph --><!-- wp:paragraph --><\/p>\n<p><!-- \/wp:paragraph --><\/p><\/div>\n\t\t\t\t<\/div>\n\t\t\t\t<\/div>\n\t\t\t\t\t\t<\/div>\n\t\t\t<\/div>\n\t\t<\/div>\n\t\t\t\t\t\t<\/div>\n\t\t\t<\/div>\n\t\t<\/section>\n\t\t\t\t\t\t<\/div>\n\t\t\t<\/div>\n\t\t<\/div>\n\t\t","protected":false},"excerpt":{"rendered":"<p>Qu&rsquo;est-ce qu&rsquo;un CDI ? Le CDI repr\u00e9sente le centre d&rsquo;ouverture culturelle de l&rsquo;\u00e9tablissement. Le CDI est g\u00e9r\u00e9 par une professeure documentaliste qui a 3 missions principales : &#8211; Formation : <a class=\"more-link\" href=\"https:\/\/www.saint-joseph-tartas.com\/?page_id=73\">Lire la suite<\/a><\/p>\n","protected":false},"author":1,"featured_media":0,"parent":41,"menu_order":0,"comment_status":"closed","ping_status":"closed","template":"page-fullwidth.php","meta":{"footnotes":""},"class_list":["post-73","page","type-page","status-publish","hentry"],"_links":{"self":[{"href":"https:\/\/www.saint-joseph-tartas.com\/index.php?rest_route=\/wp\/v2\/pages\/73","targetHints":{"allow":["GET"]}}],"collection":[{"href":"https:\/\/www.saint-joseph-tartas.com\/index.php?rest_route=\/wp\/v2\/pages"}],"about":[{"href":"https:\/\/www.saint-joseph-tartas.com\/index.php?rest_route=\/wp\/v2\/types\/page"}],"author":[{"embeddable":true,"href":"https:\/\/www.saint-joseph-tartas.com\/index.php?rest_route=\/wp\/v2\/users\/1"}],"replies":[{"embeddable":true,"href":"https:\/\/www.saint-joseph-tartas.com\/index.php?rest_route=%2Fwp%2Fv2%2Fcomments&post=73"}],"version-history":[{"count":30,"href":"https:\/\/www.saint-joseph-tartas.com\/index.php?rest_route=\/wp\/v2\/pages\/73\/revisions"}],"predecessor-version":[{"id":6404,"href":"https:\/\/www.saint-joseph-tartas.com\/index.php?rest_route=\/wp\/v2\/pages\/73\/revisions\/6404"}],"up":[{"embeddable":true,"href":"https:\/\/www.saint-joseph-tartas.com\/index.php?rest_route=\/wp\/v2\/pages\/41"}],"wp:attachment":[{"href":"https:\/\/www.saint-joseph-tartas.com\/index.php?rest_route=%2Fwp%2Fv2%2Fmedia&parent=73"}],"curies":[{"name":"wp","href":"https:\/\/api.w.org\/{rel}","templated":true}]}}