{"id":75,"date":"2019-06-25T23:05:31","date_gmt":"2019-06-25T21:05:31","guid":{"rendered":"https:\/\/www.saint-joseph-tartas.com\/?page_id=75"},"modified":"2022-02-28T18:25:56","modified_gmt":"2022-02-28T17:25:56","slug":"orientation","status":"publish","type":"page","link":"https:\/\/www.saint-joseph-tartas.com\/?page_id=75","title":{"rendered":"Orientation"},"content":{"rendered":"\t\t<div data-elementor-type=\"wp-page\" data-elementor-id=\"75\" class=\"elementor elementor-75\" data-elementor-settings=\"[]\">\n\t\t\t<div class=\"elementor-inner\">\n\t\t\t\t<div class=\"elementor-section-wrap\">\n\t\t\t\t\t\t\t<section class=\"elementor-element elementor-element-6df29c6 elementor-section-boxed elementor-section-height-default elementor-section-height-default elementor-section elementor-top-section\" data-id=\"6df29c6\" data-element_type=\"section\">\n\t\t\t\t\t\t<div class=\"elementor-container elementor-column-gap-default\">\n\t\t\t\t<div class=\"elementor-row\">\n\t\t\t\t<div class=\"elementor-element elementor-element-7e7e0a5 elementor-column elementor-col-100 elementor-top-column\" data-id=\"7e7e0a5\" data-element_type=\"column\">\n\t\t\t<div class=\"elementor-column-wrap  elementor-element-populated\">\n\t\t\t\t\t<div class=\"elementor-widget-wrap\">\n\t\t\t\t<div class=\"elementor-element elementor-element-ba1b615 elementor-widget elementor-widget-text-editor\" data-id=\"ba1b615\" data-element_type=\"widget\" data-widget_type=\"text-editor.default\">\n\t\t\t\t<div class=\"elementor-widget-container\">\n\t\t\t\t\t<div class=\"elementor-text-editor elementor-clearfix\"><p>Tout au long de l\u2019ann\u00e9e de 3\u00e8me, vous allez pr\u00e9parer votre orientation.\u00a0<a href=\"https:\/\/padlet.com\/mschinon\/kwgr9zpzs17onx94\">Retrouvez en cliquant ici toutes les informations centralis\u00e9es sur le padlet.\u00a0<\/a>\u00a0<\/p><\/div>\n\t\t\t\t<\/div>\n\t\t\t\t<\/div>\n\t\t\t\t\t\t<\/div>\n\t\t\t<\/div>\n\t\t<\/div>\n\t\t\t\t\t\t<\/div>\n\t\t\t<\/div>\n\t\t<\/section>\n\t\t\t\t<section class=\"elementor-element elementor-element-585f0a95 elementor-section-boxed elementor-section-height-default elementor-section-height-default elementor-section elementor-top-section\" data-id=\"585f0a95\" data-element_type=\"section\">\n\t\t\t\t\t\t<div class=\"elementor-container elementor-column-gap-default\">\n\t\t\t\t<div class=\"elementor-row\">\n\t\t\t\t<div class=\"elementor-element elementor-element-1c84c73f elementor-column elementor-col-100 elementor-top-column\" data-id=\"1c84c73f\" data-element_type=\"column\">\n\t\t\t<div class=\"elementor-column-wrap  elementor-element-populated\">\n\t\t\t\t\t<div class=\"elementor-widget-wrap\">\n\t\t\t\t<div class=\"elementor-element elementor-element-3b8df677 elementor-widget elementor-widget-text-editor\" data-id=\"3b8df677\" data-element_type=\"widget\" data-widget_type=\"text-editor.default\">\n\t\t\t\t<div class=\"elementor-widget-container\">\n\t\t\t\t\t<div class=\"elementor-text-editor elementor-clearfix\"><p><!-- wp:paragraph --><\/p>\n<p>L&rsquo;orientation est une r\u00e9flexion \u00e0 amorcer d\u00e8s la classe de 4\u00e8me. Voici le diaporama de pr\u00e9sentation des choix post 3\u00e8me qui a \u00e9t\u00e9 pr\u00e9sent\u00e9 en HVC 4\u00e8 : <a href=\"https:\/\/www.saint-joseph-tartas.com\/wp-content\/uploads\/2021\/02\/Parcours-apr\u00e8s-la-classe-de-3e-modifi\u00e9-2021.pdf\" target=\"_blank\" rel=\"noopener\">diaporama orientation<\/a><\/p>\n<p><!-- \/wp:paragraph --><!-- wp:paragraph --><\/p>\n<p>Pour les \u00e9l\u00e8ves actuellement en classe de 3\u00e8me, retrouver ici le guide de l&rsquo;ONISEP : <a href=\"https:\/\/www.saint-joseph-tartas.com\/wp-content\/uploads\/2022\/02\/GUIDE_3E_2022_Bordeaux_PDF_web.pdf\" target=\"_blank\" rel=\"noopener\">Guide apr\u00e8s la 3\u00e8me<\/a> (F\u00e9vrier 2022)<\/p>\n<p><!-- \/wp:list --><\/p><\/div>\n\t\t\t\t<\/div>\n\t\t\t\t<\/div>\n\t\t\t\t\t\t<\/div>\n\t\t\t<\/div>\n\t\t<\/div>\n\t\t\t\t\t\t<\/div>\n\t\t\t<\/div>\n\t\t<\/section>\n\t\t\t\t\t\t<\/div>\n\t\t\t<\/div>\n\t\t<\/div>\n\t\t","protected":false},"excerpt":{"rendered":"<p>Tout au long de l\u2019ann\u00e9e de 3\u00e8me, vous allez pr\u00e9parer votre orientation.&nbsp;Retrouvez en cliquant ici toutes les informations centralis\u00e9es sur le padlet.&nbsp;&nbsp; L&rsquo;orientation est une r\u00e9flexion \u00e0 amorcer d\u00e8s la <a class=\"more-link\" href=\"https:\/\/www.saint-joseph-tartas.com\/?page_id=75\">Lire la suite<\/a><\/p>\n","protected":false},"author":1,"featured_media":0,"parent":41,"menu_order":0,"comment_status":"closed","ping_status":"closed","template":"page-fullwidth.php","meta":{"footnotes":""},"class_list":["post-75","page","type-page","status-publish","hentry"],"_links":{"self":[{"href":"https:\/\/www.saint-joseph-tartas.com\/index.php?rest_route=\/wp\/v2\/pages\/75","targetHints":{"allow":["GET"]}}],"collection":[{"href":"https:\/\/www.saint-joseph-tartas.com\/index.php?rest_route=\/wp\/v2\/pages"}],"about":[{"href":"https:\/\/www.saint-joseph-tartas.com\/index.php?rest_route=\/wp\/v2\/types\/page"}],"author":[{"embeddable":true,"href":"https:\/\/www.saint-joseph-tartas.com\/index.php?rest_route=\/wp\/v2\/users\/1"}],"replies":[{"embeddable":true,"href":"https:\/\/www.saint-joseph-tartas.com\/index.php?rest_route=%2Fwp%2Fv2%2Fcomments&post=75"}],"version-history":[{"count":13,"href":"https:\/\/www.saint-joseph-tartas.com\/index.php?rest_route=\/wp\/v2\/pages\/75\/revisions"}],"predecessor-version":[{"id":5708,"href":"https:\/\/www.saint-joseph-tartas.com\/index.php?rest_route=\/wp\/v2\/pages\/75\/revisions\/5708"}],"up":[{"embeddable":true,"href":"https:\/\/www.saint-joseph-tartas.com\/index.php?rest_route=\/wp\/v2\/pages\/41"}],"wp:attachment":[{"href":"https:\/\/www.saint-joseph-tartas.com\/index.php?rest_route=%2Fwp%2Fv2%2Fmedia&parent=75"}],"curies":[{"name":"wp","href":"https:\/\/api.w.org\/{rel}","templated":true}]}}