{"id":88,"date":"2019-06-25T23:08:17","date_gmt":"2019-06-25T21:08:17","guid":{"rendered":"https:\/\/www.saint-joseph-tartas.com\/?page_id=88"},"modified":"2020-04-08T14:30:08","modified_gmt":"2020-04-08T12:30:08","slug":"celebrations","status":"publish","type":"page","link":"https:\/\/www.saint-joseph-tartas.com\/?page_id=88","title":{"rendered":"Aides financi\u00e8res"},"content":{"rendered":"\n<p class=\"has-text-color has-medium-font-size has-vivid-red-color\"><strong>ARS ( Allocation de Rentr\u00e9e Scolaire) : <\/strong><\/p>\n\n\n\n<p>L\u2019<a href=\"http:\/\/www.caf.fr\/allocataires\/droits-et-prestations\/s-informer-sur-les-aides\/enfance-et-jeunesse\/l-allocation-de-rentree-scolaire-ars\" target=\"_blank\" rel=\"noreferrer noopener\">ARS<\/a> est une aide financi\u00e8re  de l&rsquo;\u00e9tat permettant d&rsquo;aider les familles \u00e0  financer les d\u00e9penses li\u00e9es \u00e0 la <a href=\"https:\/\/www.fournisseur-energie.com\/actualites\/rentree-scolaire-durable\/\" target=\"_blank\" rel=\"noreferrer noopener\">rentr\u00e9e  des classes<\/a>.  Elle est attribu\u00e9e par  la Caisse d&rsquo;Allocations Familiales (CAF) de votre d\u00e9partement, en fonction de  vos revenus et de votre nombre d&rsquo;enfants \u00e0 charge.<\/p>\n\n\n\n<p><strong>Le montant de  l&rsquo;allocation varie en fonction de l&rsquo;\u00e2ge de l&rsquo;enfant<\/strong>. En  2020, il s&rsquo;\u00e9chelonne comme suit apr\u00e8s d\u00e9compte de la contribution au  remboursement de la dette sociale (CRDS) :<\/p>\n\n\n\n<ul class=\"wp-block-list\"><li>6-10  ans : 368,84\u20ac<\/li><li>11-14  ans : 389,19\u20ac<\/li><li>15-18  ans : 402,67\u20ac<\/li><\/ul>\n\n\n\n<p>D\u00e9couvrez les d\u00e9marches  \u00e0 effectuer pour obtenir l\u2019allocation de rentr\u00e9e scolaire :&nbsp; <a href=\"https:\/\/www.papernest.com\/etat-des-lieux\/actualites\/allocation-rentree-scolaire\/\">cliquez ici <\/a><\/p>\n\n\n\n<p class=\"has-text-color has-medium-font-size has-vivid-red-color\"><strong>Bourses de coll\u00e8ge<\/strong>\u00a0: <\/p>\n\n\n\n<p>Si vous voulez conna\u00eetre votre \u00e9ligibilit\u00e9 \u00e0 l&rsquo;obtention de bourses pour le coll\u00e8ge,\u00a0<a rel=\"noreferrer noopener\" href=\"http:\/\/www.education.gouv.fr\/cid86486\/bourses-de-college.html\" target=\"_blank\">cliquez ici<\/a>.<\/p>\n\n\n\n<p class=\"has-text-color has-medium-font-size has-vivid-red-color\"><strong>Bourses de lyc\u00e9e<\/strong>\u00a0: <\/p>\n\n\n\n<p>Si vous voulez conna\u00eetre votre \u00e9ligibilit\u00e9 pour l&rsquo;obtention de bourses de lyc\u00e9e,\u00a0<a rel=\"noreferrer noopener\" href=\"http:\/\/www.education.gouv.fr\/cid86464\/bourses-de-lycee.html\" target=\"_blank\">cliquez ici<\/a>.<\/p>\n","protected":false},"excerpt":{"rendered":"<p>ARS ( Allocation de Rentr\u00e9e Scolaire) : L\u2019ARS est une aide financi\u00e8re de l&rsquo;\u00e9tat permettant d&rsquo;aider les familles \u00e0 financer les d\u00e9penses li\u00e9es \u00e0 la rentr\u00e9e des classes. Elle est <a class=\"more-link\" href=\"https:\/\/www.saint-joseph-tartas.com\/?page_id=88\">Lire la suite<\/a><\/p>\n","protected":false},"author":1,"featured_media":0,"parent":93,"menu_order":0,"comment_status":"closed","ping_status":"closed","template":"page-fullwidth.php","meta":{"footnotes":""},"class_list":["post-88","page","type-page","status-publish","hentry"],"_links":{"self":[{"href":"https:\/\/www.saint-joseph-tartas.com\/index.php?rest_route=\/wp\/v2\/pages\/88","targetHints":{"allow":["GET"]}}],"collection":[{"href":"https:\/\/www.saint-joseph-tartas.com\/index.php?rest_route=\/wp\/v2\/pages"}],"about":[{"href":"https:\/\/www.saint-joseph-tartas.com\/index.php?rest_route=\/wp\/v2\/types\/page"}],"author":[{"embeddable":true,"href":"https:\/\/www.saint-joseph-tartas.com\/index.php?rest_route=\/wp\/v2\/users\/1"}],"replies":[{"embeddable":true,"href":"https:\/\/www.saint-joseph-tartas.com\/index.php?rest_route=%2Fwp%2Fv2%2Fcomments&post=88"}],"version-history":[{"count":8,"href":"https:\/\/www.saint-joseph-tartas.com\/index.php?rest_route=\/wp\/v2\/pages\/88\/revisions"}],"predecessor-version":[{"id":2895,"href":"https:\/\/www.saint-joseph-tartas.com\/index.php?rest_route=\/wp\/v2\/pages\/88\/revisions\/2895"}],"up":[{"embeddable":true,"href":"https:\/\/www.saint-joseph-tartas.com\/index.php?rest_route=\/wp\/v2\/pages\/93"}],"wp:attachment":[{"href":"https:\/\/www.saint-joseph-tartas.com\/index.php?rest_route=%2Fwp%2Fv2%2Fmedia&parent=88"}],"curies":[{"name":"wp","href":"https:\/\/api.w.org\/{rel}","templated":true}]}}