{"id":9907,"date":"2025-07-03T12:28:14","date_gmt":"2025-07-03T10:28:14","guid":{"rendered":"https:\/\/www.saint-joseph-tartas.com\/?page_id=9907"},"modified":"2025-07-06T15:20:23","modified_gmt":"2025-07-06T13:20:23","slug":"maternelle-primaire-2","status":"publish","type":"page","link":"https:\/\/www.saint-joseph-tartas.com\/?page_id=9907","title":{"rendered":"Maternelle &#8211; Primaire"},"content":{"rendered":"\t\t<div data-elementor-type=\"wp-page\" data-elementor-id=\"9907\" class=\"elementor elementor-9907\" data-elementor-settings=\"[]\">\n\t\t\t<div class=\"elementor-inner\">\n\t\t\t\t<div class=\"elementor-section-wrap\">\n\t\t\t\t\t\t\t<section class=\"elementor-element elementor-element-5df6b4a elementor-section-boxed elementor-section-height-default elementor-section-height-default elementor-section elementor-top-section\" data-id=\"5df6b4a\" data-element_type=\"section\">\n\t\t\t\t\t\t<div class=\"elementor-container elementor-column-gap-default\">\n\t\t\t\t<div class=\"elementor-row\">\n\t\t\t\t<div class=\"elementor-element elementor-element-fe0eb6b elementor-column elementor-col-50 elementor-top-column\" data-id=\"fe0eb6b\" data-element_type=\"column\">\n\t\t\t<div class=\"elementor-column-wrap  elementor-element-populated\">\n\t\t\t\t\t<div class=\"elementor-widget-wrap\">\n\t\t\t\t<div class=\"elementor-element elementor-element-b416713 elementor-widget elementor-widget-text-editor\" data-id=\"b416713\" data-element_type=\"widget\" data-widget_type=\"text-editor.default\">\n\t\t\t\t<div class=\"elementor-widget-container\">\n\t\t\t\t\t<div class=\"elementor-text-editor elementor-clearfix\"><p>\u00a0<\/p><p style=\"text-align: center;\"><span style=\"font-family: Comic Sans MS, cursive; color: #000080;\"><strong>Informations g\u00e9n\u00e9rales pour l&rsquo;ann\u00e9e scolaire 2025 \u2013 2026<\/strong> <strong>de la maternelle au CM2<\/strong><\/span><\/p><p><span style=\"font-family: Comic Sans MS, cursive; color: #000080;\">Cliquer sur l&rsquo;image de droite<\/span><\/p><\/div>\n\t\t\t\t<\/div>\n\t\t\t\t<\/div>\n\t\t\t\t\t\t<\/div>\n\t\t\t<\/div>\n\t\t<\/div>\n\t\t\t\t<div class=\"elementor-element elementor-element-3eaf0f0 elementor-column elementor-col-50 elementor-top-column\" data-id=\"3eaf0f0\" data-element_type=\"column\">\n\t\t\t<div class=\"elementor-column-wrap  elementor-element-populated\">\n\t\t\t\t\t<div class=\"elementor-widget-wrap\">\n\t\t\t\t<div class=\"elementor-element elementor-element-a0e8e0d elementor-widget elementor-widget-text-editor\" data-id=\"a0e8e0d\" data-element_type=\"widget\" data-widget_type=\"text-editor.default\">\n\t\t\t\t<div class=\"elementor-widget-container\">\n\t\t\t\t\t<div class=\"elementor-text-editor elementor-clearfix\"><p><a href=\"https:\/\/www.saint-joseph-tartas.com\/wp-content\/uploads\/2025\/07\/Lettre-informations-g\u00e9n\u00e9rales.pdf\"><img decoding=\"async\" class=\"details-image\" draggable=\"false\" src=\"https:\/\/www.saint-joseph-tartas.com\/wp-content\/uploads\/2025\/07\/Lettre-informations-g\u00e9n\u00e9rales-pdf-724x1024.jpg\" alt=\"\" \/><\/a><\/p><\/div>\n\t\t\t\t<\/div>\n\t\t\t\t<\/div>\n\t\t\t\t\t\t<\/div>\n\t\t\t<\/div>\n\t\t<\/div>\n\t\t\t\t\t\t<\/div>\n\t\t\t<\/div>\n\t\t<\/section>\n\t\t\t\t<section class=\"elementor-element elementor-element-a71f8e9 elementor-section-boxed elementor-section-height-default elementor-section-height-default elementor-section elementor-top-section\" data-id=\"a71f8e9\" data-element_type=\"section\">\n\t\t\t\t\t\t<div class=\"elementor-container elementor-column-gap-default\">\n\t\t\t\t<div class=\"elementor-row\">\n\t\t\t\t<div class=\"elementor-element elementor-element-c53a5a2 elementor-column elementor-col-33 elementor-top-column\" data-id=\"c53a5a2\" data-element_type=\"column\">\n\t\t\t<div class=\"elementor-column-wrap  elementor-element-populated\">\n\t\t\t\t\t<div class=\"elementor-widget-wrap\">\n\t\t\t\t<div class=\"elementor-element elementor-element-ae7cc25 elementor-widget elementor-widget-text-editor\" data-id=\"ae7cc25\" data-element_type=\"widget\" data-widget_type=\"text-editor.default\">\n\t\t\t\t<div class=\"elementor-widget-container\">\n\t\t\t\t\t<div class=\"elementor-text-editor elementor-clearfix\"><p><span style=\"font-family: Arial, sans-serif;\"><span style=\"color: #000080;\">Pour conna\u00eetre les informations sur <strong>les transports scolaires<\/strong> et les modalit\u00e9s d&rsquo; inscription\u00a0 :<\/span><a href=\"https:\/\/www.saint-joseph-tartas.com\/wp-content\/uploads\/2025\/07\/AS-25_26-Inscription_RPI_ECOLES.pdf\"> cliquez ici<\/a> <\/span><\/p><\/div>\n\t\t\t\t<\/div>\n\t\t\t\t<\/div>\n\t\t\t\t\t\t<\/div>\n\t\t\t<\/div>\n\t\t<\/div>\n\t\t\t\t<div class=\"elementor-element elementor-element-52e5c76 elementor-column elementor-col-33 elementor-top-column\" data-id=\"52e5c76\" data-element_type=\"column\">\n\t\t\t<div class=\"elementor-column-wrap  elementor-element-populated\">\n\t\t\t\t\t<div class=\"elementor-widget-wrap\">\n\t\t\t\t<div class=\"elementor-element elementor-element-9ad79ab elementor-widget elementor-widget-text-editor\" data-id=\"9ad79ab\" data-element_type=\"widget\" data-widget_type=\"text-editor.default\">\n\t\t\t\t<div class=\"elementor-widget-container\">\n\t\t\t\t\t<div class=\"elementor-text-editor elementor-clearfix\"><p><span style=\"font-family: Arial, sans-serif;\"><span style=\"color: #000080;\">MSC Lettre aux parents <strong>(assurance scolaire)<\/strong> :<\/span> <a href=\"https:\/\/www.saint-joseph-tartas.com\/wp-content\/uploads\/2025\/07\/MSC_Lettre_parents_globale_2025.pdf\">cliquez ici<\/a><\/span><\/p><\/div>\n\t\t\t\t<\/div>\n\t\t\t\t<\/div>\n\t\t\t\t\t\t<\/div>\n\t\t\t<\/div>\n\t\t<\/div>\n\t\t\t\t<div class=\"elementor-element elementor-element-91b3b13 elementor-column elementor-col-33 elementor-top-column\" data-id=\"91b3b13\" data-element_type=\"column\">\n\t\t\t<div class=\"elementor-column-wrap  elementor-element-populated\">\n\t\t\t\t\t<div class=\"elementor-widget-wrap\">\n\t\t\t\t<div class=\"elementor-element elementor-element-f2e79b0 elementor-widget elementor-widget-text-editor\" data-id=\"f2e79b0\" data-element_type=\"widget\" data-widget_type=\"text-editor.default\">\n\t\t\t\t<div class=\"elementor-widget-container\">\n\t\t\t\t\t<div class=\"elementor-text-editor elementor-clearfix\"><p><span style=\"font-family: Arial, sans-serif;\"><span style=\"color: #000080;\">Pour d\u00e9couvrir le courrier pour <strong>dispositif particulier<\/strong><\/span> : <a href=\"https:\/\/www.saint-joseph-tartas.com\/wp-content\/uploads\/2025\/07\/courrier-dispositif-particulier-2023-2024.pdf\">cliquez ici<\/a><\/span><\/p><\/div>\n\t\t\t\t<\/div>\n\t\t\t\t<\/div>\n\t\t\t\t\t\t<\/div>\n\t\t\t<\/div>\n\t\t<\/div>\n\t\t\t\t\t\t<\/div>\n\t\t\t<\/div>\n\t\t<\/section>\n\t\t\t\t<section class=\"elementor-element elementor-element-6e4a515 elementor-section-boxed elementor-section-height-default elementor-section-height-default elementor-section elementor-top-section\" data-id=\"6e4a515\" data-element_type=\"section\">\n\t\t\t\t\t\t<div class=\"elementor-container elementor-column-gap-default\">\n\t\t\t\t<div class=\"elementor-row\">\n\t\t\t\t<div class=\"elementor-element elementor-element-7a46fa9 elementor-column elementor-col-100 elementor-top-column\" data-id=\"7a46fa9\" data-element_type=\"column\">\n\t\t\t<div class=\"elementor-column-wrap  elementor-element-populated\">\n\t\t\t\t\t<div class=\"elementor-widget-wrap\">\n\t\t\t\t<div class=\"elementor-element elementor-element-3f62924 elementor-widget elementor-widget-text-editor\" data-id=\"3f62924\" data-element_type=\"widget\" data-widget_type=\"text-editor.default\">\n\t\t\t\t<div class=\"elementor-widget-container\">\n\t\t\t\t\t<div class=\"elementor-text-editor elementor-clearfix\"><p style=\"text-align: center;\"><strong><span style=\"font-family: Comic Sans MS, cursive;\"><span style=\"font-family: Arial, sans-serif;\"><span style=\"color: #333399;\">FOURNITURES SCOLAIRES (cliquez ci-dessous sur chaque lien) <br \/><\/span><\/span><\/span><\/strong><\/p><\/div>\n\t\t\t\t<\/div>\n\t\t\t\t<\/div>\n\t\t\t\t\t\t<\/div>\n\t\t\t<\/div>\n\t\t<\/div>\n\t\t\t\t\t\t<\/div>\n\t\t\t<\/div>\n\t\t<\/section>\n\t\t\t\t<section class=\"elementor-element elementor-element-fd87bcd elementor-section-boxed elementor-section-height-default elementor-section-height-default elementor-section elementor-top-section\" data-id=\"fd87bcd\" data-element_type=\"section\">\n\t\t\t\t\t\t<div class=\"elementor-container elementor-column-gap-default\">\n\t\t\t\t<div class=\"elementor-row\">\n\t\t\t\t<div class=\"elementor-element elementor-element-2748093 elementor-column elementor-col-33 elementor-top-column\" data-id=\"2748093\" data-element_type=\"column\">\n\t\t\t<div class=\"elementor-column-wrap  elementor-element-populated\">\n\t\t\t\t\t<div class=\"elementor-widget-wrap\">\n\t\t\t\t<div class=\"elementor-element elementor-element-2a6f981 elementor-widget elementor-widget-text-editor\" data-id=\"2a6f981\" data-element_type=\"widget\" data-widget_type=\"text-editor.default\">\n\t\t\t\t<div class=\"elementor-widget-container\">\n\t\t\t\t\t<div class=\"elementor-text-editor elementor-clearfix\"><p><span style=\"font-family: Arial, sans-serif;\"><a href=\"https:\/\/www.saint-joseph-tartas.com\/wp-content\/uploads\/2025\/07\/courrier-fourniture.pdf\">Courrier fourniture<\/a> <\/span><\/p><\/div>\n\t\t\t\t<\/div>\n\t\t\t\t<\/div>\n\t\t\t\t\t\t<\/div>\n\t\t\t<\/div>\n\t\t<\/div>\n\t\t\t\t<div class=\"elementor-element elementor-element-9a2928e elementor-column elementor-col-33 elementor-top-column\" data-id=\"9a2928e\" data-element_type=\"column\">\n\t\t\t<div class=\"elementor-column-wrap  elementor-element-populated\">\n\t\t\t\t\t<div class=\"elementor-widget-wrap\">\n\t\t\t\t<div class=\"elementor-element elementor-element-5faebcc elementor-widget elementor-widget-text-editor\" data-id=\"5faebcc\" data-element_type=\"widget\" data-widget_type=\"text-editor.default\">\n\t\t\t\t<div class=\"elementor-widget-container\">\n\t\t\t\t\t<div class=\"elementor-text-editor elementor-clearfix\"><p><span style=\"font-family: Arial, sans-serif;\"><a href=\"https:\/\/www.saint-joseph-tartas.com\/wp-content\/uploads\/2025\/07\/cest-ma-liste.pdf\">C&rsquo;est ma liste<\/a> <\/span><\/p><\/div>\n\t\t\t\t<\/div>\n\t\t\t\t<\/div>\n\t\t\t\t\t\t<\/div>\n\t\t\t<\/div>\n\t\t<\/div>\n\t\t\t\t<div class=\"elementor-element elementor-element-0cad078 elementor-column elementor-col-33 elementor-top-column\" data-id=\"0cad078\" data-element_type=\"column\">\n\t\t\t<div class=\"elementor-column-wrap  elementor-element-populated\">\n\t\t\t\t\t<div class=\"elementor-widget-wrap\">\n\t\t\t\t<div class=\"elementor-element elementor-element-968c546 elementor-widget elementor-widget-text-editor\" data-id=\"968c546\" data-element_type=\"widget\" data-widget_type=\"text-editor.default\">\n\t\t\t\t<div class=\"elementor-widget-container\">\n\t\t\t\t\t<div class=\"elementor-text-editor elementor-clearfix\"><p><a href=\"https:\/\/www.saint-joseph-tartas.com\/wp-content\/uploads\/2025\/07\/liste-des-fournitures-25.26.pdf\"><span style=\"font-family: Arial, sans-serif;\">Listes des fournitures<\/span><\/a><\/p><\/div>\n\t\t\t\t<\/div>\n\t\t\t\t<\/div>\n\t\t\t\t\t\t<\/div>\n\t\t\t<\/div>\n\t\t<\/div>\n\t\t\t\t\t\t<\/div>\n\t\t\t<\/div>\n\t\t<\/section>\n\t\t\t\t\t\t<\/div>\n\t\t\t<\/div>\n\t\t<\/div>\n\t\t","protected":false},"excerpt":{"rendered":"<p>\u00a0 Informations g\u00e9n\u00e9rales pour l&rsquo;ann\u00e9e scolaire 2025 \u2013 2026 de la maternelle au CM2 Cliquer sur l&rsquo;image de droite Pour conna\u00eetre les informations sur les transports scolaires et les modalit\u00e9s <a class=\"more-link\" href=\"https:\/\/www.saint-joseph-tartas.com\/?page_id=9907\">Lire la suite<\/a><\/p>\n","protected":false},"author":3,"featured_media":0,"parent":0,"menu_order":0,"comment_status":"closed","ping_status":"closed","template":"","meta":{"footnotes":""},"class_list":["post-9907","page","type-page","status-publish","hentry"],"_links":{"self":[{"href":"https:\/\/www.saint-joseph-tartas.com\/index.php?rest_route=\/wp\/v2\/pages\/9907","targetHints":{"allow":["GET"]}}],"collection":[{"href":"https:\/\/www.saint-joseph-tartas.com\/index.php?rest_route=\/wp\/v2\/pages"}],"about":[{"href":"https:\/\/www.saint-joseph-tartas.com\/index.php?rest_route=\/wp\/v2\/types\/page"}],"author":[{"embeddable":true,"href":"https:\/\/www.saint-joseph-tartas.com\/index.php?rest_route=\/wp\/v2\/users\/3"}],"replies":[{"embeddable":true,"href":"https:\/\/www.saint-joseph-tartas.com\/index.php?rest_route=%2Fwp%2Fv2%2Fcomments&post=9907"}],"version-history":[{"count":7,"href":"https:\/\/www.saint-joseph-tartas.com\/index.php?rest_route=\/wp\/v2\/pages\/9907\/revisions"}],"predecessor-version":[{"id":9954,"href":"https:\/\/www.saint-joseph-tartas.com\/index.php?rest_route=\/wp\/v2\/pages\/9907\/revisions\/9954"}],"wp:attachment":[{"href":"https:\/\/www.saint-joseph-tartas.com\/index.php?rest_route=%2Fwp%2Fv2%2Fmedia&parent=9907"}],"curies":[{"name":"wp","href":"https:\/\/api.w.org\/{rel}","templated":true}]}}